{"id":1369733,"date":"2026-02-24T13:38:30","date_gmt":"2026-02-24T11:38:30","guid":{"rendered":"https:\/\/games.tactic.net\/tuote\/deutz-fahr-8280-ttv-warrior\/"},"modified":"2026-02-24T13:38:30","modified_gmt":"2026-02-24T11:38:30","slug":"deutz-fahr-8280-ttv-warrior","status":"publish","type":"product","link":"https:\/\/games.tactic.net\/no\/tuote\/deutz-fahr-8280-ttv-warrior\/","title":{"rendered":"DEUTZ-FAHR 8280 TTV Warrior"},"content":{"rendered":"<p>DEUTZ-FAHR 8280 TTV: Kraft og presisjon.<\/p>\n<p>8280 TTV er en p\u00e5litelig og effektiv arbeidsmaskin med den perfekte teknologiske kombinasjonen for profesjonelle b\u00f8nder. Med imponerende 287 hk h\u00e5ndterer denne traktoren enhver utfordring.<\/p>\n<p>Den eksklusive sorte versjonen, Warrior, imponerer spesielt med sitt markante design. N\u00e5r det gjelder funksjonalitet og kvalitet, f\u00f8lger den nye BRUDER-modellen i skala 1:16 selskapets motto: \u201cjust like the real thing\u201d.<\/p>\n<p>F\u00f8rerhuset er fullt innglasset og har lett\u00e5pnede d\u00f8rer.<\/p>\n<p>Det \u00e5pnbare panseret gir innsyn i motoren.<\/p>\n<p>Enkel man\u00f8vrering sikres av den integrerte pendelakselen samt et styreh\u00e5ndtak som kan f\u00f8res gjennom det skyvbare taket.<\/p>\n<p>En frontlaster (art.nr. 03333) kan monteres p\u00e5 modellen. Avtakbare hjul gir ekstra lekeglede.<\/p>\n<p>Du kan gj\u00f8re denne flotte traktoren enda mer verdifull ved \u00e5 legge til verkstedsettet med figur (art.nr. 62100). Det er selvsagt at alle BRUDER landbrukshengere og redskaper passer perfekt sammen med denne lille sorte perlen.<\/p>\n","protected":false},"excerpt":{"rendered":"<p>DEUTZ-FAHR 8280 TTV: Kraft og presisjon.<\/p>\n","protected":false},"featured_media":0,"template":"","meta":{"content-type":"","_monsterinsights_skip_tracking":false,"_monsterinsights_sitenote_active":false,"_monsterinsights_sitenote_note":"","_monsterinsights_sitenote_category":0},"product_brand":[],"product_cat":[1705],"product_tag":[],"brand":[],"target-group":[],"discontinued":[],"class_list":{"0":"post-1369733","1":"product","2":"type-product","3":"status-publish","5":"product_cat-bruder-leker","7":"first","8":"instock","9":"taxable","10":"shipping-taxable","11":"product-type-simple"},"aioseo_notices":[],"_links":{"self":[{"href":"https:\/\/games.tactic.net\/no\/wp-json\/wp\/v2\/product\/1369733","targetHints":{"allow":["GET"]}}],"collection":[{"href":"https:\/\/games.tactic.net\/no\/wp-json\/wp\/v2\/product"}],"about":[{"href":"https:\/\/games.tactic.net\/no\/wp-json\/wp\/v2\/types\/product"}],"wp:attachment":[{"href":"https:\/\/games.tactic.net\/no\/wp-json\/wp\/v2\/media?parent=1369733"}],"wp:term":[{"taxonomy":"product_brand","embeddable":true,"href":"https:\/\/games.tactic.net\/no\/wp-json\/wp\/v2\/product_brand?post=1369733"},{"taxonomy":"product_cat","embeddable":true,"href":"https:\/\/games.tactic.net\/no\/wp-json\/wp\/v2\/product_cat?post=1369733"},{"taxonomy":"product_tag","embeddable":true,"href":"https:\/\/games.tactic.net\/no\/wp-json\/wp\/v2\/product_tag?post=1369733"},{"taxonomy":"brand","embeddable":true,"href":"https:\/\/games.tactic.net\/no\/wp-json\/wp\/v2\/brand?post=1369733"},{"taxonomy":"target-group","embeddable":true,"href":"https:\/\/games.tactic.net\/no\/wp-json\/wp\/v2\/target-group?post=1369733"},{"taxonomy":"discontinued","embeddable":true,"href":"https:\/\/games.tactic.net\/no\/wp-json\/wp\/v2\/discontinued?post=1369733"}],"curies":[{"name":"wp","href":"https:\/\/api.w.org\/{rel}","templated":true}]}}