{"id":1369732,"date":"2026-02-24T13:38:24","date_gmt":"2026-02-24T11:38:24","guid":{"rendered":"https:\/\/games.tactic.net\/tuote\/man-tga-skip-container-truck\/"},"modified":"2026-02-24T13:38:24","modified_gmt":"2026-02-24T11:38:24","slug":"man-tga-skip-container-truck","status":"publish","type":"product","link":"https:\/\/games.tactic.net\/no\/tuote\/man-tga-skip-container-truck\/","title":{"rendered":"MAN TGA Skip container truck"},"content":{"rendered":"<p>Avfalls containere \u2013 finnes p\u00e5 nesten alle byggeplasser. De gj\u00f8r det mulig \u00e5 kaste avfall, jord og andre materialer uten at hele lastebilen m\u00e5 vente.<br \/>\nFor sm\u00e5 bygningsarbeidere er MAN TGA skip-lasteren tilgjengelig i en moderne farge &#8211; som en del av temaet nytte kj\u00f8ret\u00f8y.<br \/>\nContaineren kan lastes og losses med \u00e9n enkel h\u00e5ndbevegelse.<\/p>\n<p>N\u00e5r kjettingene er fjernet, kan containeren st\u00e5 igjen, og lastebilen er fri til andre oppdrag.<\/p>\n<p>Lastebilens st\u00f8tte bein kan felles ut for bedre stabilitet- under lasting og lossing.<\/p>\n<p>Det velkjente MAN TGA-f\u00f8rerhuset kan vippes frem slik at motorblokken blir synlig.<\/p>\n","protected":false},"excerpt":{"rendered":"<p>Avfallscontainere \u2013 ogs\u00e5 kjent som skipp \u2013 finnes p\u00e5 nesten alle byggeplasser. De gj\u00f8r det mulig \u00e5 laste rivningsavfall, jord og andre materialer uten at hele lastebilen m\u00e5 vente.<\/p>\n","protected":false},"featured_media":0,"template":"","meta":{"content-type":"","_monsterinsights_skip_tracking":false,"_monsterinsights_sitenote_active":false,"_monsterinsights_sitenote_note":"","_monsterinsights_sitenote_category":0},"product_brand":[],"product_cat":[1705],"product_tag":[],"brand":[],"target-group":[],"discontinued":[],"class_list":{"0":"post-1369732","1":"product","2":"type-product","3":"status-publish","5":"product_cat-bruder-leker","7":"first","8":"instock","9":"taxable","10":"shipping-taxable","11":"product-type-simple"},"aioseo_notices":[],"_links":{"self":[{"href":"https:\/\/games.tactic.net\/no\/wp-json\/wp\/v2\/product\/1369732","targetHints":{"allow":["GET"]}}],"collection":[{"href":"https:\/\/games.tactic.net\/no\/wp-json\/wp\/v2\/product"}],"about":[{"href":"https:\/\/games.tactic.net\/no\/wp-json\/wp\/v2\/types\/product"}],"wp:attachment":[{"href":"https:\/\/games.tactic.net\/no\/wp-json\/wp\/v2\/media?parent=1369732"}],"wp:term":[{"taxonomy":"product_brand","embeddable":true,"href":"https:\/\/games.tactic.net\/no\/wp-json\/wp\/v2\/product_brand?post=1369732"},{"taxonomy":"product_cat","embeddable":true,"href":"https:\/\/games.tactic.net\/no\/wp-json\/wp\/v2\/product_cat?post=1369732"},{"taxonomy":"product_tag","embeddable":true,"href":"https:\/\/games.tactic.net\/no\/wp-json\/wp\/v2\/product_tag?post=1369732"},{"taxonomy":"brand","embeddable":true,"href":"https:\/\/games.tactic.net\/no\/wp-json\/wp\/v2\/brand?post=1369732"},{"taxonomy":"target-group","embeddable":true,"href":"https:\/\/games.tactic.net\/no\/wp-json\/wp\/v2\/target-group?post=1369732"},{"taxonomy":"discontinued","embeddable":true,"href":"https:\/\/games.tactic.net\/no\/wp-json\/wp\/v2\/discontinued?post=1369732"}],"curies":[{"name":"wp","href":"https:\/\/api.w.org\/{rel}","templated":true}]}}