{"id":1369637,"date":"2026-02-20T14:59:21","date_gmt":"2026-02-20T12:59:21","guid":{"rendered":"https:\/\/games.tactic.net\/tuote\/lumo-stars-planet-pals-maris-10-cm\/"},"modified":"2026-02-20T14:59:21","modified_gmt":"2026-02-20T12:59:21","slug":"lumo-stars-planet-pals-maris-10-cm","status":"publish","type":"product","link":"https:\/\/games.tactic.net\/no\/tuote\/lumo-stars-planet-pals-maris-10-cm\/","title":{"rendered":"Lumo Stars Planet Pals Maris 10 cm"},"content":{"rendered":"<p>Lystig og omsorgsfull er Maris havets beskytter. Hun hjelper til med \u00e5 rense havene og redder sj\u00f8dyr, og inspirerer alle til \u00e5 holde vannet rent og bl\u00e5tt.<\/p>\n<p>Laget med kj\u00e6rlighet \u2013 og av resirkulerte materialer, til naturens beste.<\/p>\n<p>Denne 10 cm kosedyret er lett \u00e5 ta med seg overalt, da det enkelt kan festes p\u00e5 en skolesekk eller til og med brukes som n\u00f8kkelring med sin metallklips.<\/p>\n","protected":false},"excerpt":{"rendered":"<p>Lystig og omsorgsfull er Maris havets beskytter.<\/p>\n","protected":false},"featured_media":0,"template":"","meta":{"content-type":"","_monsterinsights_skip_tracking":false,"_monsterinsights_sitenote_active":false,"_monsterinsights_sitenote_note":"","_monsterinsights_sitenote_category":0},"product_brand":[],"product_cat":[1680],"product_tag":[],"brand":[{"id":1019,"name":"Lumo Stars","slug":"lumo-stars_no"}],"target-group":[],"discontinued":[],"class_list":{"0":"post-1369637","1":"product","2":"type-product","3":"status-publish","5":"product_cat-mini-plysj-kosedyr","6":"brand-lumo-stars_no","8":"first","9":"instock","10":"taxable","11":"shipping-taxable","12":"product-type-simple"},"aioseo_notices":[],"_links":{"self":[{"href":"https:\/\/games.tactic.net\/no\/wp-json\/wp\/v2\/product\/1369637","targetHints":{"allow":["GET"]}}],"collection":[{"href":"https:\/\/games.tactic.net\/no\/wp-json\/wp\/v2\/product"}],"about":[{"href":"https:\/\/games.tactic.net\/no\/wp-json\/wp\/v2\/types\/product"}],"wp:attachment":[{"href":"https:\/\/games.tactic.net\/no\/wp-json\/wp\/v2\/media?parent=1369637"}],"wp:term":[{"taxonomy":"product_brand","embeddable":true,"href":"https:\/\/games.tactic.net\/no\/wp-json\/wp\/v2\/product_brand?post=1369637"},{"taxonomy":"product_cat","embeddable":true,"href":"https:\/\/games.tactic.net\/no\/wp-json\/wp\/v2\/product_cat?post=1369637"},{"taxonomy":"product_tag","embeddable":true,"href":"https:\/\/games.tactic.net\/no\/wp-json\/wp\/v2\/product_tag?post=1369637"},{"taxonomy":"brand","embeddable":true,"href":"https:\/\/games.tactic.net\/no\/wp-json\/wp\/v2\/brand?post=1369637"},{"taxonomy":"target-group","embeddable":true,"href":"https:\/\/games.tactic.net\/no\/wp-json\/wp\/v2\/target-group?post=1369637"},{"taxonomy":"discontinued","embeddable":true,"href":"https:\/\/games.tactic.net\/no\/wp-json\/wp\/v2\/discontinued?post=1369637"}],"curies":[{"name":"wp","href":"https:\/\/api.w.org\/{rel}","templated":true}]}}