{"id":1369629,"date":"2026-02-20T09:51:09","date_gmt":"2026-02-20T07:51:09","guid":{"rendered":"https:\/\/games.tactic.net\/tuote\/peppa-pig-tut-og-kjor-m-lyd-fri\/"},"modified":"2026-02-20T09:51:09","modified_gmt":"2026-02-20T07:51:09","slug":"peppa-pig-tut-og-kjor-m-lyd-fri","status":"publish","type":"product","link":"https:\/\/games.tactic.net\/no\/tuote\/peppa-pig-tut-og-kjor-m-lyd-fri\/","title":{"rendered":"PEPPA PIG, TUT OG KJ\u00d8R M\/LYD fri"},"content":{"rendered":"<p>Bli med p\u00e5 en herlig biltur sammen med Peppa Gris, Mamma Gris, Pappa Gris, Georg og lilles\u00f8ster Evie. Boken kombinerer en enkel fortelling med aktiv deltakelse. Rattet kan dreies, og knappene kan trykkes p\u00e5 for \u00e5 h\u00f8re ulike lyder &#8211; dette gj\u00f8r leseopplevelsen levende og engasjerende.<\/p>\n","protected":false},"excerpt":{"rendered":"<p>Bli med p\u00e5 en herlig biltur sammen med Peppa Gris, Mamma Gris, Pappa Gris, Georg og lilles\u00f8ster Evie. Boken kombinerer en enkel fortelling med aktiv deltakelse. Rattet kan dreies, og knappene kan trykkes p\u00e5 for \u00e5 h\u00f8re ulike lyder &#8211; dette gj\u00f8r leseopplevelsen levende og engasjerende.<\/p>\n","protected":false},"featured_media":0,"template":"","meta":{"content-type":"","_monsterinsights_skip_tracking":false,"_monsterinsights_sitenote_active":false,"_monsterinsights_sitenote_note":"","_monsterinsights_sitenote_category":0},"product_brand":[],"product_cat":[1698],"product_tag":[],"brand":[],"target-group":[],"discontinued":[],"class_list":{"0":"post-1369629","1":"product","2":"type-product","3":"status-publish","5":"product_cat-eventyr-og-billedboker","7":"first","8":"instock","9":"taxable","10":"shipping-taxable","11":"product-type-simple"},"aioseo_notices":[],"_links":{"self":[{"href":"https:\/\/games.tactic.net\/no\/wp-json\/wp\/v2\/product\/1369629","targetHints":{"allow":["GET"]}}],"collection":[{"href":"https:\/\/games.tactic.net\/no\/wp-json\/wp\/v2\/product"}],"about":[{"href":"https:\/\/games.tactic.net\/no\/wp-json\/wp\/v2\/types\/product"}],"wp:attachment":[{"href":"https:\/\/games.tactic.net\/no\/wp-json\/wp\/v2\/media?parent=1369629"}],"wp:term":[{"taxonomy":"product_brand","embeddable":true,"href":"https:\/\/games.tactic.net\/no\/wp-json\/wp\/v2\/product_brand?post=1369629"},{"taxonomy":"product_cat","embeddable":true,"href":"https:\/\/games.tactic.net\/no\/wp-json\/wp\/v2\/product_cat?post=1369629"},{"taxonomy":"product_tag","embeddable":true,"href":"https:\/\/games.tactic.net\/no\/wp-json\/wp\/v2\/product_tag?post=1369629"},{"taxonomy":"brand","embeddable":true,"href":"https:\/\/games.tactic.net\/no\/wp-json\/wp\/v2\/brand?post=1369629"},{"taxonomy":"target-group","embeddable":true,"href":"https:\/\/games.tactic.net\/no\/wp-json\/wp\/v2\/target-group?post=1369629"},{"taxonomy":"discontinued","embeddable":true,"href":"https:\/\/games.tactic.net\/no\/wp-json\/wp\/v2\/discontinued?post=1369629"}],"curies":[{"name":"wp","href":"https:\/\/api.w.org\/{rel}","templated":true}]}}