{"id":1369582,"date":"2026-02-14T16:31:20","date_gmt":"2026-02-14T14:31:20","guid":{"rendered":"https:\/\/games.tactic.net\/tuote\/bristlelock-building-block-set-112pcs\/"},"modified":"2026-02-14T16:31:20","modified_gmt":"2026-02-14T14:31:20","slug":"bristlelock-building-block-set-112pcs","status":"publish","type":"product","link":"https:\/\/games.tactic.net\/no\/tuote\/bristlelock-building-block-set-112pcs\/","title":{"rendered":"Bristlelock building block set 112pcs"},"content":{"rendered":"<p>PicassoTiles 112 biter Piggsvin-formede 3D-byggesteiner introduserer en verden av enkel tilkobling, og s\u00f8ml\u00f8s konstruksjon. Med enkle biter som er lette \u00e5 koble fra hverandre, blir bygging en gledelig opplevelse, som lar barn l\u00e6re og engasjere seg i eventyr.<\/p>\n<p>Myke, gummiaktige, sammenl\u00e5sende piggsvin-byggesteiner fester seg sammen i alle vinkler, noe som gj\u00f8r det enklere \u00e5 bygge. Utvikler barns kreativitet allerede i ung alder &#8211; ved \u00e5 la dem f\u00e5 en sterk forst\u00e5else for farger, geometriske former og arkitektonisk design. Fargerike biter gir uendelige bygge-muligheter for barn over 3 \u00e5r.<\/p>\n","protected":false},"excerpt":{"rendered":"<p>PicassoTiles 112 biter Piggsvin-formede 3D-byggesteiner introduserer en verden av enkel tilkobling, og s\u00f8ml\u00f8s konstruksjon.<\/p>\n","protected":false},"featured_media":0,"template":"","meta":{"content-type":"","_monsterinsights_skip_tracking":false,"_monsterinsights_sitenote_active":false,"_monsterinsights_sitenote_note":"","_monsterinsights_sitenote_category":0},"product_brand":[],"product_cat":[2294],"product_tag":[],"brand":[],"target-group":[],"discontinued":[],"class_list":{"0":"post-1369582","1":"product","2":"type-product","3":"status-publish","5":"product_cat-picassotiles-leker","7":"first","8":"instock","9":"taxable","10":"shipping-taxable","11":"product-type-simple"},"aioseo_notices":[],"_links":{"self":[{"href":"https:\/\/games.tactic.net\/no\/wp-json\/wp\/v2\/product\/1369582","targetHints":{"allow":["GET"]}}],"collection":[{"href":"https:\/\/games.tactic.net\/no\/wp-json\/wp\/v2\/product"}],"about":[{"href":"https:\/\/games.tactic.net\/no\/wp-json\/wp\/v2\/types\/product"}],"wp:attachment":[{"href":"https:\/\/games.tactic.net\/no\/wp-json\/wp\/v2\/media?parent=1369582"}],"wp:term":[{"taxonomy":"product_brand","embeddable":true,"href":"https:\/\/games.tactic.net\/no\/wp-json\/wp\/v2\/product_brand?post=1369582"},{"taxonomy":"product_cat","embeddable":true,"href":"https:\/\/games.tactic.net\/no\/wp-json\/wp\/v2\/product_cat?post=1369582"},{"taxonomy":"product_tag","embeddable":true,"href":"https:\/\/games.tactic.net\/no\/wp-json\/wp\/v2\/product_tag?post=1369582"},{"taxonomy":"brand","embeddable":true,"href":"https:\/\/games.tactic.net\/no\/wp-json\/wp\/v2\/brand?post=1369582"},{"taxonomy":"target-group","embeddable":true,"href":"https:\/\/games.tactic.net\/no\/wp-json\/wp\/v2\/target-group?post=1369582"},{"taxonomy":"discontinued","embeddable":true,"href":"https:\/\/games.tactic.net\/no\/wp-json\/wp\/v2\/discontinued?post=1369582"}],"curies":[{"name":"wp","href":"https:\/\/api.w.org\/{rel}","templated":true}]}}