{"id":1369517,"date":"2026-02-05T16:17:31","date_gmt":"2026-02-05T14:17:31","guid":{"rendered":"https:\/\/games.tactic.net\/tuote\/gamesson-tournament-edition-dartboard\/"},"modified":"2026-02-05T16:17:31","modified_gmt":"2026-02-05T14:17:31","slug":"gamesson-tournament-edition-dartboard","status":"publish","type":"product","link":"https:\/\/games.tactic.net\/no\/tuote\/gamesson-tournament-edition-dartboard\/","title":{"rendered":"Gamesson Tournament Edition Dartboard"},"content":{"rendered":"<p>Gamesson Tournament Edition tilbyr en spilleopplevelse p\u00e5 mesterskapsniv\u00e5 med en slitesterk og h\u00f8ykvalitets darttavle. Tavlens selvreparerende materiale forsegler hullene som pilene etterlater over tid, noe som gj\u00f8r den til et langvarig og utmerket valg for aktivt spill. Den avtakbare nummerringen og den naglefrie blinken fullf\u00f8rer tavlens profesjonelle utseende og f\u00f8lelse.<\/p>\n<p>Gamesson Tournament Edition er perfekt for de som \u00f8nsker og forbedre n\u00f8yaktigheten sin hjemme eller p\u00e5 konkurransetrening.<\/p>\n","protected":false},"excerpt":{"rendered":"<p>Gamesson Tournament Edition tilbyr en spilleopplevelse p\u00e5 mesterskapsniv\u00e5 med en slitesterk og h\u00f8ykvalitets darttavle. Tavlens selvreparerende materiale forsegler hullene som pilene etterlater over tid, noe som gj\u00f8r den til et langvarig og utmerket valg for aktivt spill. Den avtakbare nummerringen og den naglefrie blinken fullf\u00f8rer tavlens profesjonelle utseende og f\u00f8lelse. Gamesson Tournament Edition er perfekt [&hellip;]<\/p>\n","protected":false},"featured_media":0,"template":"","meta":{"content-type":"","_monsterinsights_skip_tracking":false,"_monsterinsights_sitenote_active":false,"_monsterinsights_sitenote_note":"","_monsterinsights_sitenote_category":0},"product_brand":[],"product_cat":[2133],"product_tag":[],"brand":[],"target-group":[],"discontinued":[],"class_list":{"0":"post-1369517","1":"product","2":"type-product","3":"status-publish","5":"product_cat-bex-sport","7":"first","8":"outofstock","9":"taxable","10":"shipping-taxable","11":"product-type-simple"},"aioseo_notices":[],"_links":{"self":[{"href":"https:\/\/games.tactic.net\/no\/wp-json\/wp\/v2\/product\/1369517","targetHints":{"allow":["GET"]}}],"collection":[{"href":"https:\/\/games.tactic.net\/no\/wp-json\/wp\/v2\/product"}],"about":[{"href":"https:\/\/games.tactic.net\/no\/wp-json\/wp\/v2\/types\/product"}],"wp:attachment":[{"href":"https:\/\/games.tactic.net\/no\/wp-json\/wp\/v2\/media?parent=1369517"}],"wp:term":[{"taxonomy":"product_brand","embeddable":true,"href":"https:\/\/games.tactic.net\/no\/wp-json\/wp\/v2\/product_brand?post=1369517"},{"taxonomy":"product_cat","embeddable":true,"href":"https:\/\/games.tactic.net\/no\/wp-json\/wp\/v2\/product_cat?post=1369517"},{"taxonomy":"product_tag","embeddable":true,"href":"https:\/\/games.tactic.net\/no\/wp-json\/wp\/v2\/product_tag?post=1369517"},{"taxonomy":"brand","embeddable":true,"href":"https:\/\/games.tactic.net\/no\/wp-json\/wp\/v2\/brand?post=1369517"},{"taxonomy":"target-group","embeddable":true,"href":"https:\/\/games.tactic.net\/no\/wp-json\/wp\/v2\/target-group?post=1369517"},{"taxonomy":"discontinued","embeddable":true,"href":"https:\/\/games.tactic.net\/no\/wp-json\/wp\/v2\/discontinued?post=1369517"}],"curies":[{"name":"wp","href":"https:\/\/api.w.org\/{rel}","templated":true}]}}