{"id":1369515,"date":"2026-02-05T08:07:04","date_gmt":"2026-02-05T06:07:04","guid":{"rendered":"https:\/\/games.tactic.net\/tuote\/svea-kanin-25-cm-creme\/"},"modified":"2026-02-05T15:36:20","modified_gmt":"2026-02-05T13:36:20","slug":"svea-kanin-25-cm-creme","status":"publish","type":"product","link":"https:\/\/games.tactic.net\/no\/tuote\/svea-kanin-25-cm-creme\/","title":{"rendered":"Svea kanin 25 cm creme"},"content":{"rendered":"<p>Kaninen Svea i 25 cm er siste tilskudd i den store &laquo;Ecofriends-familien familien. Den er produsert i et mykt  \u00d8ko-Tex materiale, har broderte \u00f8yne og snute. Kaninen leveres i mange farger og st\u00f8rrelser. Kan vaskes p\u00e5 40 grader. Godkjent fra 0+.<\/p>\n","protected":false},"excerpt":{"rendered":"<p>Kaninen Svea i 25 cm er siste tilskudd i den store &laquo;Ecofriends-familien familien. Den er produsert i et mykt \u00d8ko-Tex materiale, har broderte \u00f8yne og snute. Kaninen leveres i mange farger og st\u00f8rrelser. Kan vaskes p\u00e5 40 grader. Godkjent fra 0+.<\/p>\n","protected":false},"featured_media":0,"template":"","meta":{"content-type":"","_monsterinsights_skip_tracking":false,"_monsterinsights_sitenote_active":false,"_monsterinsights_sitenote_note":"","_monsterinsights_sitenote_category":0},"product_brand":[],"product_cat":[2048],"product_tag":[],"brand":[],"target-group":[],"discontinued":[],"class_list":{"0":"post-1369515","1":"product","2":"type-product","3":"status-publish","5":"product_cat-teddykompaniet","7":"first","8":"instock","9":"taxable","10":"shipping-taxable","11":"product-type-simple"},"aioseo_notices":[],"_links":{"self":[{"href":"https:\/\/games.tactic.net\/no\/wp-json\/wp\/v2\/product\/1369515","targetHints":{"allow":["GET"]}}],"collection":[{"href":"https:\/\/games.tactic.net\/no\/wp-json\/wp\/v2\/product"}],"about":[{"href":"https:\/\/games.tactic.net\/no\/wp-json\/wp\/v2\/types\/product"}],"wp:attachment":[{"href":"https:\/\/games.tactic.net\/no\/wp-json\/wp\/v2\/media?parent=1369515"}],"wp:term":[{"taxonomy":"product_brand","embeddable":true,"href":"https:\/\/games.tactic.net\/no\/wp-json\/wp\/v2\/product_brand?post=1369515"},{"taxonomy":"product_cat","embeddable":true,"href":"https:\/\/games.tactic.net\/no\/wp-json\/wp\/v2\/product_cat?post=1369515"},{"taxonomy":"product_tag","embeddable":true,"href":"https:\/\/games.tactic.net\/no\/wp-json\/wp\/v2\/product_tag?post=1369515"},{"taxonomy":"brand","embeddable":true,"href":"https:\/\/games.tactic.net\/no\/wp-json\/wp\/v2\/brand?post=1369515"},{"taxonomy":"target-group","embeddable":true,"href":"https:\/\/games.tactic.net\/no\/wp-json\/wp\/v2\/target-group?post=1369515"},{"taxonomy":"discontinued","embeddable":true,"href":"https:\/\/games.tactic.net\/no\/wp-json\/wp\/v2\/discontinued?post=1369515"}],"curies":[{"name":"wp","href":"https:\/\/api.w.org\/{rel}","templated":true}]}}