{"id":1369513,"date":"2026-02-05T08:06:45","date_gmt":"2026-02-05T06:06:45","guid":{"rendered":"https:\/\/games.tactic.net\/tuote\/koala-liggende-26-cm-gra\/"},"modified":"2026-02-05T08:06:45","modified_gmt":"2026-02-05T06:06:45","slug":"koala-liggende-26-cm-gra","status":"publish","type":"product","link":"https:\/\/games.tactic.net\/no\/tuote\/koala-liggende-26-cm-gra\/","title":{"rendered":"Koala liggende 26 cm gr\u00e5"},"content":{"rendered":"<p>Serafur\u2122, et eksklusivt nytt plysjmateriale som etterligner ekte pels i b\u00e5de utseende og f\u00f8lelse. Koalaen har en myk, tung og avslappet kropp som former seg etter barnet &#8211; noe som skaper en ekstra koselig og omfavnede  klemme f\u00f8lelse. En perfekt kombinasjon av luksuri\u00f8s pels og et trygt kosedyr til  \u00e5 hvile, leke eller sove med. Leveres i fire varianter. Kan vaskes p\u00e5 40 grader. Godkjent fra 0+.<\/p>\n","protected":false},"excerpt":{"rendered":"<p>Serafur\u2122, et eksklusivt nytt plysjmateriale som etterligner ekte pels i b\u00e5de utseende og f\u00f8lelse. Koalaen har en myk, tung og avslappet kropp som former seg etter barnet &#8211; noe som skaper en ekstra koselig og omfavnede klemme f\u00f8lelse. En perfekt kombinasjon av luksuri\u00f8s pels og et trygt kosedyr til \u00e5 hvile, leke eller sove med. [&hellip;]<\/p>\n","protected":false},"featured_media":0,"template":"","meta":{"content-type":"","_monsterinsights_skip_tracking":false,"_monsterinsights_sitenote_active":false,"_monsterinsights_sitenote_note":"","_monsterinsights_sitenote_category":0},"product_brand":[],"product_cat":[2048],"product_tag":[],"brand":[],"target-group":[],"discontinued":[],"class_list":{"0":"post-1369513","1":"product","2":"type-product","3":"status-publish","5":"product_cat-teddykompaniet","7":"first","8":"instock","9":"taxable","10":"shipping-taxable","11":"product-type-simple"},"aioseo_notices":[],"_links":{"self":[{"href":"https:\/\/games.tactic.net\/no\/wp-json\/wp\/v2\/product\/1369513","targetHints":{"allow":["GET"]}}],"collection":[{"href":"https:\/\/games.tactic.net\/no\/wp-json\/wp\/v2\/product"}],"about":[{"href":"https:\/\/games.tactic.net\/no\/wp-json\/wp\/v2\/types\/product"}],"wp:attachment":[{"href":"https:\/\/games.tactic.net\/no\/wp-json\/wp\/v2\/media?parent=1369513"}],"wp:term":[{"taxonomy":"product_brand","embeddable":true,"href":"https:\/\/games.tactic.net\/no\/wp-json\/wp\/v2\/product_brand?post=1369513"},{"taxonomy":"product_cat","embeddable":true,"href":"https:\/\/games.tactic.net\/no\/wp-json\/wp\/v2\/product_cat?post=1369513"},{"taxonomy":"product_tag","embeddable":true,"href":"https:\/\/games.tactic.net\/no\/wp-json\/wp\/v2\/product_tag?post=1369513"},{"taxonomy":"brand","embeddable":true,"href":"https:\/\/games.tactic.net\/no\/wp-json\/wp\/v2\/brand?post=1369513"},{"taxonomy":"target-group","embeddable":true,"href":"https:\/\/games.tactic.net\/no\/wp-json\/wp\/v2\/target-group?post=1369513"},{"taxonomy":"discontinued","embeddable":true,"href":"https:\/\/games.tactic.net\/no\/wp-json\/wp\/v2\/discontinued?post=1369513"}],"curies":[{"name":"wp","href":"https:\/\/api.w.org\/{rel}","templated":true}]}}