{"id":1369500,"date":"2026-02-03T10:06:02","date_gmt":"2026-02-03T08:06:02","guid":{"rendered":"https:\/\/games.tactic.net\/tuote\/sebbe-elefant-30-cm\/"},"modified":"2026-02-03T10:06:02","modified_gmt":"2026-02-03T08:06:02","slug":"sebbe-elefant-30-cm","status":"publish","type":"product","link":"https:\/\/games.tactic.net\/no\/tuote\/sebbe-elefant-30-cm\/","title":{"rendered":"Sebbe elefant 30 cm"},"content":{"rendered":"<p>Sebbe elefant er produsert i en ekstra myk plysj som gj\u00f8r den uimotst\u00e5elig \u00e5 klemme. Innsiden av \u00f8rene har kortere plysj, og passer utmerket til brodering. \u00d8ynene er broderte. En koselig venn \u00e5 bli glad i, og som man kan gj\u00f8re helt unik, om man \u00f8nsker det. Kan vaskes p\u00e5 40 grader. Godkjent fra 0+.<\/p>\n","protected":false},"excerpt":{"rendered":"<p>Sebbe elefant er produsert i en ekstra myk plysj som gj\u00f8r den uimotst\u00e5elig \u00e5 klemme. Innsiden av \u00f8rene har kortere plysj, og passer utmerket til brodering. \u00d8ynene er broderte. En koselig venn \u00e5 bli glad i, og som man kan gj\u00f8re helt unik, om man \u00f8nsker det. Kan vaskes p\u00e5 40 grader. Godkjent fra 0+.<\/p>\n","protected":false},"featured_media":0,"template":"","meta":{"content-type":"","_monsterinsights_skip_tracking":false,"_monsterinsights_sitenote_active":false,"_monsterinsights_sitenote_note":"","_monsterinsights_sitenote_category":0},"product_brand":[],"product_cat":[2048],"product_tag":[],"brand":[],"target-group":[],"discontinued":[],"class_list":{"0":"post-1369500","1":"product","2":"type-product","3":"status-publish","5":"product_cat-teddykompaniet","7":"first","8":"instock","9":"taxable","10":"shipping-taxable","11":"product-type-simple"},"aioseo_notices":[],"_links":{"self":[{"href":"https:\/\/games.tactic.net\/no\/wp-json\/wp\/v2\/product\/1369500","targetHints":{"allow":["GET"]}}],"collection":[{"href":"https:\/\/games.tactic.net\/no\/wp-json\/wp\/v2\/product"}],"about":[{"href":"https:\/\/games.tactic.net\/no\/wp-json\/wp\/v2\/types\/product"}],"wp:attachment":[{"href":"https:\/\/games.tactic.net\/no\/wp-json\/wp\/v2\/media?parent=1369500"}],"wp:term":[{"taxonomy":"product_brand","embeddable":true,"href":"https:\/\/games.tactic.net\/no\/wp-json\/wp\/v2\/product_brand?post=1369500"},{"taxonomy":"product_cat","embeddable":true,"href":"https:\/\/games.tactic.net\/no\/wp-json\/wp\/v2\/product_cat?post=1369500"},{"taxonomy":"product_tag","embeddable":true,"href":"https:\/\/games.tactic.net\/no\/wp-json\/wp\/v2\/product_tag?post=1369500"},{"taxonomy":"brand","embeddable":true,"href":"https:\/\/games.tactic.net\/no\/wp-json\/wp\/v2\/brand?post=1369500"},{"taxonomy":"target-group","embeddable":true,"href":"https:\/\/games.tactic.net\/no\/wp-json\/wp\/v2\/target-group?post=1369500"},{"taxonomy":"discontinued","embeddable":true,"href":"https:\/\/games.tactic.net\/no\/wp-json\/wp\/v2\/discontinued?post=1369500"}],"curies":[{"name":"wp","href":"https:\/\/api.w.org\/{rel}","templated":true}]}}