{"id":1369492,"date":"2026-02-02T17:18:26","date_gmt":"2026-02-02T15:18:26","guid":{"rendered":"https:\/\/games.tactic.net\/tuote\/havefrue-bla-35-cm\/"},"modified":"2026-02-02T17:18:26","modified_gmt":"2026-02-02T15:18:26","slug":"havefrue-bla-35-cm","status":"publish","type":"product","link":"https:\/\/games.tactic.net\/no\/tuote\/havefrue-bla-35-cm\/","title":{"rendered":"Havefrue bl\u00e5 35 cm"},"content":{"rendered":"<p>Havfruen har glitrende finner med skimrende skjell m\u00f8nster, og fint brodert ansikt med lekne detaljer. Den har myk kropp og h\u00e5r i garn, som er lett \u00e5 gripe for sm\u00e5 hender. H\u00e5ret kan styles og flettes. Kledd i glitrende topp og med brodert halskjede, er den perfekt for fantasifull lek. Leveres i to farger. Kan vaskes p\u00e5 40 grader. Godkjent fra 0+<\/p>\n","protected":false},"excerpt":{"rendered":"<p>Havfruen har glitrende finner med skimrende skjell m\u00f8nster, og fint brodert ansikt med lekne detaljer. Den har myk kropp og h\u00e5r i garn, som er lett \u00e5 gripe for sm\u00e5 hender. H\u00e5ret kan styles og flettes. Kledd i glitrende topp og med brodert halskjede, er den perfekt for fantasifull lek. Leveres i to farger. Kan [&hellip;]<\/p>\n","protected":false},"featured_media":0,"template":"","meta":{"content-type":"","_monsterinsights_skip_tracking":false,"_monsterinsights_sitenote_active":false,"_monsterinsights_sitenote_note":"","_monsterinsights_sitenote_category":0},"product_brand":[],"product_cat":[2048],"product_tag":[],"brand":[],"target-group":[],"discontinued":[],"class_list":{"0":"post-1369492","1":"product","2":"type-product","3":"status-publish","5":"product_cat-teddykompaniet","7":"first","8":"instock","9":"taxable","10":"shipping-taxable","11":"product-type-simple"},"aioseo_notices":[],"_links":{"self":[{"href":"https:\/\/games.tactic.net\/no\/wp-json\/wp\/v2\/product\/1369492","targetHints":{"allow":["GET"]}}],"collection":[{"href":"https:\/\/games.tactic.net\/no\/wp-json\/wp\/v2\/product"}],"about":[{"href":"https:\/\/games.tactic.net\/no\/wp-json\/wp\/v2\/types\/product"}],"wp:attachment":[{"href":"https:\/\/games.tactic.net\/no\/wp-json\/wp\/v2\/media?parent=1369492"}],"wp:term":[{"taxonomy":"product_brand","embeddable":true,"href":"https:\/\/games.tactic.net\/no\/wp-json\/wp\/v2\/product_brand?post=1369492"},{"taxonomy":"product_cat","embeddable":true,"href":"https:\/\/games.tactic.net\/no\/wp-json\/wp\/v2\/product_cat?post=1369492"},{"taxonomy":"product_tag","embeddable":true,"href":"https:\/\/games.tactic.net\/no\/wp-json\/wp\/v2\/product_tag?post=1369492"},{"taxonomy":"brand","embeddable":true,"href":"https:\/\/games.tactic.net\/no\/wp-json\/wp\/v2\/brand?post=1369492"},{"taxonomy":"target-group","embeddable":true,"href":"https:\/\/games.tactic.net\/no\/wp-json\/wp\/v2\/target-group?post=1369492"},{"taxonomy":"discontinued","embeddable":true,"href":"https:\/\/games.tactic.net\/no\/wp-json\/wp\/v2\/discontinued?post=1369492"}],"curies":[{"name":"wp","href":"https:\/\/api.w.org\/{rel}","templated":true}]}}