{"id":1369490,"date":"2026-02-02T17:18:12","date_gmt":"2026-02-02T15:18:12","guid":{"rendered":"https:\/\/games.tactic.net\/tuote\/slange-regnbuefarget-rosa-120-cm\/"},"modified":"2026-02-02T17:18:12","modified_gmt":"2026-02-02T15:18:12","slug":"slange-regnbuefarget-rosa-120-cm","status":"publish","type":"product","link":"https:\/\/games.tactic.net\/no\/tuote\/slange-regnbuefarget-rosa-120-cm\/","title":{"rendered":"Slange regnbuefarget rosa 120 cm"},"content":{"rendered":"<p>Slangen er produsert i ekstra myk, langh\u00e5ret plysj &#8211; i pastellfargede nyanser. De har barnesikre \u00f8yne og en rosa tunge som gir dem et vennlig og fantasifullt uttrykk. Med sin lett formbare kropp p\u00e5 120 cm passer de perfekt til b\u00e5de lek og kos. Leveres i to farger. Kan vaskes p\u00e5 40 grader. Godkjent fra 0+<\/p>\n","protected":false},"excerpt":{"rendered":"<p>Slangen er produsert i ekstra myk, langh\u00e5ret plysj &#8211; i pastellfargede nyanser. De har barnesikre \u00f8yne og en rosa tunge som gir dem et vennlig og fantasifullt uttrykk. Med sin lett formbare kropp p\u00e5 120 cm passer de perfekt til b\u00e5de lek og kos. Leveres i to farger. Kan vaskes p\u00e5 40 grader. Godkjent fra [&hellip;]<\/p>\n","protected":false},"featured_media":0,"template":"","meta":{"content-type":"","_monsterinsights_skip_tracking":false,"_monsterinsights_sitenote_active":false,"_monsterinsights_sitenote_note":"","_monsterinsights_sitenote_category":0},"product_brand":[],"product_cat":[2048],"product_tag":[],"brand":[],"target-group":[],"discontinued":[],"class_list":{"0":"post-1369490","1":"product","2":"type-product","3":"status-publish","5":"product_cat-teddykompaniet","7":"first","8":"instock","9":"taxable","10":"shipping-taxable","11":"product-type-simple"},"aioseo_notices":[],"_links":{"self":[{"href":"https:\/\/games.tactic.net\/no\/wp-json\/wp\/v2\/product\/1369490","targetHints":{"allow":["GET"]}}],"collection":[{"href":"https:\/\/games.tactic.net\/no\/wp-json\/wp\/v2\/product"}],"about":[{"href":"https:\/\/games.tactic.net\/no\/wp-json\/wp\/v2\/types\/product"}],"wp:attachment":[{"href":"https:\/\/games.tactic.net\/no\/wp-json\/wp\/v2\/media?parent=1369490"}],"wp:term":[{"taxonomy":"product_brand","embeddable":true,"href":"https:\/\/games.tactic.net\/no\/wp-json\/wp\/v2\/product_brand?post=1369490"},{"taxonomy":"product_cat","embeddable":true,"href":"https:\/\/games.tactic.net\/no\/wp-json\/wp\/v2\/product_cat?post=1369490"},{"taxonomy":"product_tag","embeddable":true,"href":"https:\/\/games.tactic.net\/no\/wp-json\/wp\/v2\/product_tag?post=1369490"},{"taxonomy":"brand","embeddable":true,"href":"https:\/\/games.tactic.net\/no\/wp-json\/wp\/v2\/brand?post=1369490"},{"taxonomy":"target-group","embeddable":true,"href":"https:\/\/games.tactic.net\/no\/wp-json\/wp\/v2\/target-group?post=1369490"},{"taxonomy":"discontinued","embeddable":true,"href":"https:\/\/games.tactic.net\/no\/wp-json\/wp\/v2\/discontinued?post=1369490"}],"curies":[{"name":"wp","href":"https:\/\/api.w.org\/{rel}","templated":true}]}}