{"id":1369488,"date":"2026-02-02T17:17:58","date_gmt":"2026-02-02T15:17:58","guid":{"rendered":"https:\/\/games.tactic.net\/tuote\/slange-bla-200-cm\/"},"modified":"2026-02-02T17:17:58","modified_gmt":"2026-02-02T15:17:58","slug":"slange-bla-200-cm","status":"publish","type":"product","link":"https:\/\/games.tactic.net\/no\/tuote\/slange-bla-200-cm\/","title":{"rendered":"Slange bl\u00e5 200 cm"},"content":{"rendered":"<p>Slangen er hele 2m lang, og er produsert i myk plysj med trykt skjell m\u00f8nster i sterke farger. Den har barnesikre \u00f8yne, og en r\u00f8d tunge som gir et lekent uttrykk. Det fleksible fyllet gj\u00f8r at slangen kan henges eller formes under lek. Leveres i tre farger. Kan vaskes p\u00e5 40 grader. Godkjent fra 0+<\/p>\n","protected":false},"excerpt":{"rendered":"<p>Slangen er hele 2m lang, og er produsert i myk plysj med trykt skjell m\u00f8nster i sterke farger. Den har barnesikre \u00f8yne, og en r\u00f8d tunge som gir et lekent uttrykk. Det fleksible fyllet gj\u00f8r at slangen kan henges eller formes under lek. Leveres i tre farger. Kan vaskes p\u00e5 40 grader. Godkjent fra 0+<\/p>\n","protected":false},"featured_media":0,"template":"","meta":{"content-type":"","_monsterinsights_skip_tracking":false,"_monsterinsights_sitenote_active":false,"_monsterinsights_sitenote_note":"","_monsterinsights_sitenote_category":0},"product_brand":[],"product_cat":[2048],"product_tag":[],"brand":[],"target-group":[],"discontinued":[],"class_list":{"0":"post-1369488","1":"product","2":"type-product","3":"status-publish","5":"product_cat-teddykompaniet","7":"first","8":"outofstock","9":"taxable","10":"shipping-taxable","11":"product-type-simple"},"aioseo_notices":[],"_links":{"self":[{"href":"https:\/\/games.tactic.net\/no\/wp-json\/wp\/v2\/product\/1369488","targetHints":{"allow":["GET"]}}],"collection":[{"href":"https:\/\/games.tactic.net\/no\/wp-json\/wp\/v2\/product"}],"about":[{"href":"https:\/\/games.tactic.net\/no\/wp-json\/wp\/v2\/types\/product"}],"wp:attachment":[{"href":"https:\/\/games.tactic.net\/no\/wp-json\/wp\/v2\/media?parent=1369488"}],"wp:term":[{"taxonomy":"product_brand","embeddable":true,"href":"https:\/\/games.tactic.net\/no\/wp-json\/wp\/v2\/product_brand?post=1369488"},{"taxonomy":"product_cat","embeddable":true,"href":"https:\/\/games.tactic.net\/no\/wp-json\/wp\/v2\/product_cat?post=1369488"},{"taxonomy":"product_tag","embeddable":true,"href":"https:\/\/games.tactic.net\/no\/wp-json\/wp\/v2\/product_tag?post=1369488"},{"taxonomy":"brand","embeddable":true,"href":"https:\/\/games.tactic.net\/no\/wp-json\/wp\/v2\/brand?post=1369488"},{"taxonomy":"target-group","embeddable":true,"href":"https:\/\/games.tactic.net\/no\/wp-json\/wp\/v2\/target-group?post=1369488"},{"taxonomy":"discontinued","embeddable":true,"href":"https:\/\/games.tactic.net\/no\/wp-json\/wp\/v2\/discontinued?post=1369488"}],"curies":[{"name":"wp","href":"https:\/\/api.w.org\/{rel}","templated":true}]}}