{"id":1369486,"date":"2026-02-02T17:17:43","date_gmt":"2026-02-02T15:17:43","guid":{"rendered":"https:\/\/games.tactic.net\/tuote\/hund-m-snekkerbukse-22-cm\/"},"modified":"2026-02-02T17:17:43","modified_gmt":"2026-02-02T15:17:43","slug":"hund-m-snekkerbukse-22-cm","status":"publish","type":"product","link":"https:\/\/games.tactic.net\/no\/tuote\/hund-m-snekkerbukse-22-cm\/","title":{"rendered":"Hund m.snekkerbukse 22 cm"},"content":{"rendered":"<p>Denne myke hunden er kledd i sjarmerende  snekkerbukser. Den er produsert i silkemyk plysj med broderte detaljer for et barnevennlig uttrykk. Perfekte som f\u00f8rste kosedyr takkeT v\u00e6re sin kompakte st\u00f8rrelse og h\u00f8ye klemmevennlighet. Leveres i tre varianter. Kan vaskes p\u00e5 40 grader. Godkjent fra 0+<\/p>\n","protected":false},"excerpt":{"rendered":"<p>Denne myke hunden er kledd i sjarmerende snekkerbukser. Den er produsert i silkemyk plysj med broderte detaljer for et barnevennlig uttrykk. Perfekte som f\u00f8rste kosedyr takkeT v\u00e6re sin kompakte st\u00f8rrelse og h\u00f8ye klemmevennlighet. Leveres i tre varianter. Kan vaskes p\u00e5 40 grader. Godkjent fra 0+<\/p>\n","protected":false},"featured_media":0,"template":"","meta":{"content-type":"","_monsterinsights_skip_tracking":false,"_monsterinsights_sitenote_active":false,"_monsterinsights_sitenote_note":"","_monsterinsights_sitenote_category":0},"product_brand":[],"product_cat":[2048],"product_tag":[],"brand":[],"target-group":[],"discontinued":[],"class_list":{"0":"post-1369486","1":"product","2":"type-product","3":"status-publish","5":"product_cat-teddykompaniet","7":"first","8":"instock","9":"taxable","10":"shipping-taxable","11":"product-type-simple"},"aioseo_notices":[],"_links":{"self":[{"href":"https:\/\/games.tactic.net\/no\/wp-json\/wp\/v2\/product\/1369486","targetHints":{"allow":["GET"]}}],"collection":[{"href":"https:\/\/games.tactic.net\/no\/wp-json\/wp\/v2\/product"}],"about":[{"href":"https:\/\/games.tactic.net\/no\/wp-json\/wp\/v2\/types\/product"}],"wp:attachment":[{"href":"https:\/\/games.tactic.net\/no\/wp-json\/wp\/v2\/media?parent=1369486"}],"wp:term":[{"taxonomy":"product_brand","embeddable":true,"href":"https:\/\/games.tactic.net\/no\/wp-json\/wp\/v2\/product_brand?post=1369486"},{"taxonomy":"product_cat","embeddable":true,"href":"https:\/\/games.tactic.net\/no\/wp-json\/wp\/v2\/product_cat?post=1369486"},{"taxonomy":"product_tag","embeddable":true,"href":"https:\/\/games.tactic.net\/no\/wp-json\/wp\/v2\/product_tag?post=1369486"},{"taxonomy":"brand","embeddable":true,"href":"https:\/\/games.tactic.net\/no\/wp-json\/wp\/v2\/brand?post=1369486"},{"taxonomy":"target-group","embeddable":true,"href":"https:\/\/games.tactic.net\/no\/wp-json\/wp\/v2\/target-group?post=1369486"},{"taxonomy":"discontinued","embeddable":true,"href":"https:\/\/games.tactic.net\/no\/wp-json\/wp\/v2\/discontinued?post=1369486"}],"curies":[{"name":"wp","href":"https:\/\/api.w.org\/{rel}","templated":true}]}}