{"id":1369041,"date":"2026-01-26T16:18:00","date_gmt":"2026-01-26T14:18:00","guid":{"rendered":"https:\/\/games.tactic.net\/tuote\/tactic-verdens-hovedsteder\/"},"modified":"2026-01-26T16:18:00","modified_gmt":"2026-01-26T14:18:00","slug":"tactic-verdens-hovedsteder","status":"publish","type":"product","link":"https:\/\/games.tactic.net\/no\/tuote\/tactic-verdens-hovedsteder\/","title":{"rendered":"Tactic Verdens hovedsteder"},"content":{"rendered":"<p>Kjenner du til hovedstedene i forskjellige deler av verden? Pr\u00f8v \u00e5 kjenne igjen kjente og fascinerende hovedsteder, og svar p\u00e5 sp\u00f8rsm\u00e5l om dem. Alle spillere svarer p\u00e5 alle sp\u00f8rsm\u00e5l!<\/p>\n","protected":false},"excerpt":{"rendered":"<p>Kjenner du til hovedstedene i forskjellige deler av verden? Pr\u00f8v \u00e5 kjenne igjen kjente og fascinerende hovedsteder, og svar p\u00e5 sp\u00f8rsm\u00e5l om dem. Alle spillere svarer p\u00e5 alle sp\u00f8rsm\u00e5l!<\/p>\n","protected":false},"featured_media":0,"template":"","meta":{"content-type":"","_monsterinsights_skip_tracking":false,"_monsterinsights_sitenote_active":false,"_monsterinsights_sitenote_note":"","_monsterinsights_sitenote_category":0},"product_brand":[],"product_cat":[2360,1664],"product_tag":[],"brand":[],"target-group":[],"discontinued":[],"class_list":{"0":"post-1369041","1":"product","2":"type-product","3":"status-publish","5":"product_cat-reisespill","6":"product_cat-sporrespill","8":"first","9":"instock","10":"taxable","11":"shipping-taxable","12":"product-type-simple"},"aioseo_notices":[],"_links":{"self":[{"href":"https:\/\/games.tactic.net\/no\/wp-json\/wp\/v2\/product\/1369041","targetHints":{"allow":["GET"]}}],"collection":[{"href":"https:\/\/games.tactic.net\/no\/wp-json\/wp\/v2\/product"}],"about":[{"href":"https:\/\/games.tactic.net\/no\/wp-json\/wp\/v2\/types\/product"}],"wp:attachment":[{"href":"https:\/\/games.tactic.net\/no\/wp-json\/wp\/v2\/media?parent=1369041"}],"wp:term":[{"taxonomy":"product_brand","embeddable":true,"href":"https:\/\/games.tactic.net\/no\/wp-json\/wp\/v2\/product_brand?post=1369041"},{"taxonomy":"product_cat","embeddable":true,"href":"https:\/\/games.tactic.net\/no\/wp-json\/wp\/v2\/product_cat?post=1369041"},{"taxonomy":"product_tag","embeddable":true,"href":"https:\/\/games.tactic.net\/no\/wp-json\/wp\/v2\/product_tag?post=1369041"},{"taxonomy":"brand","embeddable":true,"href":"https:\/\/games.tactic.net\/no\/wp-json\/wp\/v2\/brand?post=1369041"},{"taxonomy":"target-group","embeddable":true,"href":"https:\/\/games.tactic.net\/no\/wp-json\/wp\/v2\/target-group?post=1369041"},{"taxonomy":"discontinued","embeddable":true,"href":"https:\/\/games.tactic.net\/no\/wp-json\/wp\/v2\/discontinued?post=1369041"}],"curies":[{"name":"wp","href":"https:\/\/api.w.org\/{rel}","templated":true}]}}