{"id":1369009,"date":"2026-01-19T19:07:26","date_gmt":"2026-01-19T17:07:26","guid":{"rendered":"https:\/\/games.tactic.net\/tuote\/lets-learn-the-big-and-fun-quiz-game\/"},"modified":"2026-01-19T19:07:26","modified_gmt":"2026-01-19T17:07:26","slug":"lets-learn-the-big-and-fun-quiz-game","status":"publish","type":"product","link":"https:\/\/games.tactic.net\/no\/tuote\/lets-learn-the-big-and-fun-quiz-game\/","title":{"rendered":"Vi l\u00e6rer oss Stort og morsomt sp\u00f8rrespill"},"content":{"rendered":"<p>Bruk ferdighetene dine og l\u00e6r nye ting! Med 400 sp\u00f8rsm\u00e5l vil du finne nye m\u00e5ter \u00e5 forst\u00e5, delta og finne svar p\u00e5. Du kan ogs\u00e5 be om et hint, eller finne svaret sammen med en annen spiller. Dette spillet handler nemlig om \u00e5 oppmuntre og hjelpe hverandre. Tross alt l\u00e6rer alle p\u00e5 sin egen m\u00e5te og i sitt eget tempo. I det store og morsomme sp\u00f8rrespillet har barna selvtillit: \u00abJeg klarer det!\u00bb<\/p>\n","protected":false},"excerpt":{"rendered":"<p>Bruk ferdighetene dine og l\u00e6r nye ting! Med 400 sp\u00f8rsm\u00e5l vil du finne nye m\u00e5ter \u00e5 forst\u00e5, delta og finne svar p\u00e5. Du kan ogs\u00e5 be om et hint, eller finne svaret sammen med en annen spiller. Dette spillet handler nemlig om \u00e5 oppmuntre og hjelpe hverandre. Tross alt l\u00e6rer alle p\u00e5 sin egen m\u00e5te [&hellip;]<\/p>\n","protected":false},"featured_media":0,"template":"","meta":{"content-type":"","_monsterinsights_skip_tracking":false,"_monsterinsights_sitenote_active":false,"_monsterinsights_sitenote_note":"","_monsterinsights_sitenote_category":0},"product_brand":[],"product_cat":[1663],"product_tag":[],"brand":[],"target-group":[],"discontinued":[],"class_list":{"0":"post-1369009","1":"product","2":"type-product","3":"status-publish","5":"product_cat-laerespill","7":"first","8":"instock","9":"taxable","10":"shipping-taxable","11":"product-type-simple"},"aioseo_notices":[],"_links":{"self":[{"href":"https:\/\/games.tactic.net\/no\/wp-json\/wp\/v2\/product\/1369009","targetHints":{"allow":["GET"]}}],"collection":[{"href":"https:\/\/games.tactic.net\/no\/wp-json\/wp\/v2\/product"}],"about":[{"href":"https:\/\/games.tactic.net\/no\/wp-json\/wp\/v2\/types\/product"}],"wp:attachment":[{"href":"https:\/\/games.tactic.net\/no\/wp-json\/wp\/v2\/media?parent=1369009"}],"wp:term":[{"taxonomy":"product_brand","embeddable":true,"href":"https:\/\/games.tactic.net\/no\/wp-json\/wp\/v2\/product_brand?post=1369009"},{"taxonomy":"product_cat","embeddable":true,"href":"https:\/\/games.tactic.net\/no\/wp-json\/wp\/v2\/product_cat?post=1369009"},{"taxonomy":"product_tag","embeddable":true,"href":"https:\/\/games.tactic.net\/no\/wp-json\/wp\/v2\/product_tag?post=1369009"},{"taxonomy":"brand","embeddable":true,"href":"https:\/\/games.tactic.net\/no\/wp-json\/wp\/v2\/brand?post=1369009"},{"taxonomy":"target-group","embeddable":true,"href":"https:\/\/games.tactic.net\/no\/wp-json\/wp\/v2\/target-group?post=1369009"},{"taxonomy":"discontinued","embeddable":true,"href":"https:\/\/games.tactic.net\/no\/wp-json\/wp\/v2\/discontinued?post=1369009"}],"curies":[{"name":"wp","href":"https:\/\/api.w.org\/{rel}","templated":true}]}}