{"id":1368948,"date":"2026-01-15T08:24:00","date_gmt":"2026-01-15T06:24:00","guid":{"rendered":"https:\/\/games.tactic.net\/tuote\/hot-wheels-maker-kitz-monster-marker-set\/"},"modified":"2026-01-15T08:24:00","modified_gmt":"2026-01-15T06:24:00","slug":"hot-wheels-maker-kitz-monster-marker-set","status":"publish","type":"product","link":"https:\/\/games.tactic.net\/no\/tuote\/hot-wheels-maker-kitz-monster-marker-set\/","title":{"rendered":"Hot Wheels Bone Shaker Monster Activity Set"},"content":{"rendered":"<p>Dette beinrystende hobbysettet gir enhver Hot Wheels Monster Trucks-fan dr\u00f8mmeutstyret! Med tusjer i nesten alle farger kan du f\u00e5 liv i pappbilene fra Hot Wheels Monster Truck. Settet inneholder ogs\u00e5 en liten fargebok, tegneblokk, stempler og klistremerker. Alt dette i en praktisk pappkoffert!<\/p>\n","protected":false},"excerpt":{"rendered":"<p>Dette beinrystende hobbysettet gir enhver Hot Wheels Monster Trucks-fan dr\u00f8mmeutstyret! Med tusjer i nesten alle farger kan du f\u00e5 liv i pappbilene fra Hot Wheels Monster Truck. Settet inneholder ogs\u00e5 en liten fargebok, tegneblokk, stempler og klistremerker. Alt dette i en praktisk pappkoffert!<\/p>\n","protected":false},"featured_media":0,"template":"","meta":{"content-type":"","_monsterinsights_skip_tracking":false,"_monsterinsights_sitenote_active":false,"_monsterinsights_sitenote_note":"","_monsterinsights_sitenote_category":0},"product_brand":[],"product_cat":[2085],"product_tag":[],"brand":[],"target-group":[],"discontinued":[],"class_list":{"0":"post-1368948","1":"product","2":"type-product","3":"status-publish","5":"product_cat-hobby","7":"first","8":"instock","9":"taxable","10":"shipping-taxable","11":"product-type-simple"},"aioseo_notices":[],"_links":{"self":[{"href":"https:\/\/games.tactic.net\/no\/wp-json\/wp\/v2\/product\/1368948","targetHints":{"allow":["GET"]}}],"collection":[{"href":"https:\/\/games.tactic.net\/no\/wp-json\/wp\/v2\/product"}],"about":[{"href":"https:\/\/games.tactic.net\/no\/wp-json\/wp\/v2\/types\/product"}],"wp:attachment":[{"href":"https:\/\/games.tactic.net\/no\/wp-json\/wp\/v2\/media?parent=1368948"}],"wp:term":[{"taxonomy":"product_brand","embeddable":true,"href":"https:\/\/games.tactic.net\/no\/wp-json\/wp\/v2\/product_brand?post=1368948"},{"taxonomy":"product_cat","embeddable":true,"href":"https:\/\/games.tactic.net\/no\/wp-json\/wp\/v2\/product_cat?post=1368948"},{"taxonomy":"product_tag","embeddable":true,"href":"https:\/\/games.tactic.net\/no\/wp-json\/wp\/v2\/product_tag?post=1368948"},{"taxonomy":"brand","embeddable":true,"href":"https:\/\/games.tactic.net\/no\/wp-json\/wp\/v2\/brand?post=1368948"},{"taxonomy":"target-group","embeddable":true,"href":"https:\/\/games.tactic.net\/no\/wp-json\/wp\/v2\/target-group?post=1368948"},{"taxonomy":"discontinued","embeddable":true,"href":"https:\/\/games.tactic.net\/no\/wp-json\/wp\/v2\/discontinued?post=1368948"}],"curies":[{"name":"wp","href":"https:\/\/api.w.org\/{rel}","templated":true}]}}