{"id":1368880,"date":"2025-12-29T15:06:55","date_gmt":"2025-12-29T13:06:55","guid":{"rendered":"https:\/\/games.tactic.net\/tuote\/yatzy-classic-scan-pl-de-uk\/"},"modified":"2025-12-29T15:06:55","modified_gmt":"2025-12-29T13:06:55","slug":"yatzy-classic-scan-pl-de-uk","status":"publish","type":"product","link":"https:\/\/games.tactic.net\/no\/tuote\/yatzy-classic-scan-pl-de-uk\/","title":{"rendered":"Yatzy Classic"},"content":{"rendered":"<p>Yatzy er den tidl\u00f8se terningsklassikeren som aldri blir kjedelig. Ta terningene, trill de beste kombinasjonene, og pr\u00f8v \u00e5 f\u00e5 h\u00f8yest mulig poengsum. Enkelt \u00e5 l\u00e6re, og uendelig morsomt \u00e5 spille igjen og igjen \u2013 det perfekte spillet for familier, venner og alle som liker litt vennskapelig konkurranse. Trill, tell poeng, og se hvem som blir Yatzy-mester!<\/p>\n","protected":false},"excerpt":{"rendered":"<p>Yatzy er den tidl\u00f8se terningsklassikeren som aldri blir kjedelig. Ta terningene, trill de beste kombinasjonene, og pr\u00f8v \u00e5 f\u00e5 h\u00f8yest mulig poengsum. Enkelt \u00e5 l\u00e6re, og uendelig morsomt \u00e5 spille igjen og igjen \u2013 det perfekte spillet for familier, venner og alle som liker litt vennskapelig konkurranse. Trill, tell poeng, og se hvem som blir [&hellip;]<\/p>\n","protected":false},"featured_media":0,"template":"","meta":{"content-type":"","_monsterinsights_skip_tracking":false,"_monsterinsights_sitenote_active":false,"_monsterinsights_sitenote_note":"","_monsterinsights_sitenote_category":0},"product_brand":[],"product_cat":[1611,1612],"product_tag":[358,1003],"brand":[],"target-group":[],"discontinued":[],"class_list":{"0":"post-1368880","1":"product","2":"type-product","3":"status-publish","5":"product_cat-kort-og-terningspill-familiespill","6":"product_cat-kort-og-terningspill-andre-spill","7":"product_tag-beregning","8":"product_tag-hell","10":"first","11":"instock","12":"taxable","13":"shipping-taxable","14":"product-type-simple"},"aioseo_notices":[],"_links":{"self":[{"href":"https:\/\/games.tactic.net\/no\/wp-json\/wp\/v2\/product\/1368880","targetHints":{"allow":["GET"]}}],"collection":[{"href":"https:\/\/games.tactic.net\/no\/wp-json\/wp\/v2\/product"}],"about":[{"href":"https:\/\/games.tactic.net\/no\/wp-json\/wp\/v2\/types\/product"}],"wp:attachment":[{"href":"https:\/\/games.tactic.net\/no\/wp-json\/wp\/v2\/media?parent=1368880"}],"wp:term":[{"taxonomy":"product_brand","embeddable":true,"href":"https:\/\/games.tactic.net\/no\/wp-json\/wp\/v2\/product_brand?post=1368880"},{"taxonomy":"product_cat","embeddable":true,"href":"https:\/\/games.tactic.net\/no\/wp-json\/wp\/v2\/product_cat?post=1368880"},{"taxonomy":"product_tag","embeddable":true,"href":"https:\/\/games.tactic.net\/no\/wp-json\/wp\/v2\/product_tag?post=1368880"},{"taxonomy":"brand","embeddable":true,"href":"https:\/\/games.tactic.net\/no\/wp-json\/wp\/v2\/brand?post=1368880"},{"taxonomy":"target-group","embeddable":true,"href":"https:\/\/games.tactic.net\/no\/wp-json\/wp\/v2\/target-group?post=1368880"},{"taxonomy":"discontinued","embeddable":true,"href":"https:\/\/games.tactic.net\/no\/wp-json\/wp\/v2\/discontinued?post=1368880"}],"curies":[{"name":"wp","href":"https:\/\/api.w.org\/{rel}","templated":true}]}}