{"id":1368813,"date":"2025-12-10T16:23:01","date_gmt":"2025-12-10T14:23:01","guid":{"rendered":"https:\/\/games.tactic.net\/tuote\/lets-learn-top-to-bottom-iq-bingo\/"},"modified":"2026-02-06T12:30:45","modified_gmt":"2026-02-06T10:30:45","slug":"lets-learn-top-to-bottom-iq-bingo","status":"publish","type":"product","link":"https:\/\/games.tactic.net\/no\/tuote\/lets-learn-top-to-bottom-iq-bingo\/","title":{"rendered":"Vi l\u00e6rer oss topp til bunn IQ Bingo"},"content":{"rendered":"<p>Klarer du \u00e5 finne den riktige rekkef\u00f8lgen? L\u00f8s morsomme oppgaver, vis svaret ditt ved \u00e5 gj\u00f8re \u00abstein\u2013saks\u2013papir\u00bb med h\u00e5nda, og merk av poengene p\u00e5 bingobrettet ditt! Lett \u00e5 l\u00e6re og veldig g\u00f8y \u00e5 spille! Inneholder 100 unike oppgaver \u00e5 bryne seg p\u00e5. Med to IQ Bingo-spill kan dere spille en superversjon for fire spillere!<\/p>\n","protected":false},"excerpt":{"rendered":"<p>Klarer du \u00e5 finne den riktige rekkef\u00f8lgen? L\u00f8s morsomme oppgaver, vis svaret ditt ved \u00e5 gj\u00f8re \u00abstein\u2013saks\u2013papir\u00bb med h\u00e5nda, og merk av poengene p\u00e5 bingobrettet ditt! Lett \u00e5 l\u00e6re og veldig g\u00f8y \u00e5 spille! Inneholder 100 unike oppgaver \u00e5 bryne seg p\u00e5. Med to IQ Bingo-spill kan dere spille en superversjon for fire spillere!<\/p>\n","protected":false},"featured_media":0,"template":"","meta":{"content-type":"","_monsterinsights_skip_tracking":false,"_monsterinsights_sitenote_active":false,"_monsterinsights_sitenote_note":"","_monsterinsights_sitenote_category":0},"product_brand":[],"product_cat":[1649,1663],"product_tag":[],"brand":[{"id":861,"name":"Let's Learn","slug":"letslearn-no"}],"target-group":[],"discontinued":[],"class_list":{"0":"post-1368813","1":"product","2":"type-product","3":"status-publish","5":"product_cat-barnespill-barnespill","6":"product_cat-laerespill","7":"brand-letslearn-no","9":"first","10":"instock","11":"taxable","12":"shipping-taxable","13":"product-type-simple"},"aioseo_notices":[],"_links":{"self":[{"href":"https:\/\/games.tactic.net\/no\/wp-json\/wp\/v2\/product\/1368813","targetHints":{"allow":["GET"]}}],"collection":[{"href":"https:\/\/games.tactic.net\/no\/wp-json\/wp\/v2\/product"}],"about":[{"href":"https:\/\/games.tactic.net\/no\/wp-json\/wp\/v2\/types\/product"}],"wp:attachment":[{"href":"https:\/\/games.tactic.net\/no\/wp-json\/wp\/v2\/media?parent=1368813"}],"wp:term":[{"taxonomy":"product_brand","embeddable":true,"href":"https:\/\/games.tactic.net\/no\/wp-json\/wp\/v2\/product_brand?post=1368813"},{"taxonomy":"product_cat","embeddable":true,"href":"https:\/\/games.tactic.net\/no\/wp-json\/wp\/v2\/product_cat?post=1368813"},{"taxonomy":"product_tag","embeddable":true,"href":"https:\/\/games.tactic.net\/no\/wp-json\/wp\/v2\/product_tag?post=1368813"},{"taxonomy":"brand","embeddable":true,"href":"https:\/\/games.tactic.net\/no\/wp-json\/wp\/v2\/brand?post=1368813"},{"taxonomy":"target-group","embeddable":true,"href":"https:\/\/games.tactic.net\/no\/wp-json\/wp\/v2\/target-group?post=1368813"},{"taxonomy":"discontinued","embeddable":true,"href":"https:\/\/games.tactic.net\/no\/wp-json\/wp\/v2\/discontinued?post=1368813"}],"curies":[{"name":"wp","href":"https:\/\/api.w.org\/{rel}","templated":true}]}}