{"id":1368767,"date":"2025-12-09T07:59:47","date_gmt":"2025-12-09T05:59:47","guid":{"rendered":"https:\/\/games.tactic.net\/tuote\/manedyret\/"},"modified":"2025-12-09T07:59:47","modified_gmt":"2025-12-09T05:59:47","slug":"manedyret","status":"publish","type":"product","link":"https:\/\/games.tactic.net\/no\/tuote\/manedyret\/","title":{"rendered":"M\u00e5nedyret"},"content":{"rendered":"<p>Jeg er M\u00e5nedyret fra Agurk riket, vennene mine kaller meg Cucu. Jeg er klar for nye eventyr \u2013 er du? N\u00e5r vi rir mot nye eventyr, sitter du veldig komfortabelt. Seteh\u00f8yden er 22 cm, helt passende for sm\u00e5 passasjerer. Jeg er en virkelig kjent lekeklassiker fra Plasto-lekefabrikken i Finland. Og n\u00e5 er jeg klar til \u00e5 styre mot nye eventyr. Skal vi dra sammen? Lengde 58,5 cm. Anbefalt alder 1+.<\/p>\n","protected":false},"excerpt":{"rendered":"<p>Jeg er M\u00e5nedyret fra Agurk riket, vennene mine kaller meg Cucu. Jeg er klar for nye eventyr \u2013 er du? N\u00e5r vi rir mot nye eventyr, sitter du veldig komfortabelt. Seteh\u00f8yden er 22 cm, helt passende for sm\u00e5 passasjerer. Jeg er en virkelig kjent lekeklassiker fra Plasto-lekefabrikken i Finland. Og n\u00e5 er jeg klar til [&hellip;]<\/p>\n","protected":false},"featured_media":0,"template":"","meta":{"content-type":"","_monsterinsights_skip_tracking":false,"_monsterinsights_sitenote_active":false,"_monsterinsights_sitenote_note":"","_monsterinsights_sitenote_category":0},"product_brand":[],"product_cat":[2306],"product_tag":[],"brand":[{"id":2353,"name":"Moonimal","slug":"moonimal"},{"id":2316,"name":"Plasto","slug":"plasto-4"}],"target-group":[],"discontinued":[],"class_list":{"0":"post-1368767","1":"product","2":"type-product","3":"status-publish","5":"product_cat-plasto-leker","6":"brand-moonimal","7":"brand-plasto-4","9":"first","10":"instock","11":"taxable","12":"shipping-taxable","13":"product-type-simple"},"aioseo_notices":[],"_links":{"self":[{"href":"https:\/\/games.tactic.net\/no\/wp-json\/wp\/v2\/product\/1368767","targetHints":{"allow":["GET"]}}],"collection":[{"href":"https:\/\/games.tactic.net\/no\/wp-json\/wp\/v2\/product"}],"about":[{"href":"https:\/\/games.tactic.net\/no\/wp-json\/wp\/v2\/types\/product"}],"wp:attachment":[{"href":"https:\/\/games.tactic.net\/no\/wp-json\/wp\/v2\/media?parent=1368767"}],"wp:term":[{"taxonomy":"product_brand","embeddable":true,"href":"https:\/\/games.tactic.net\/no\/wp-json\/wp\/v2\/product_brand?post=1368767"},{"taxonomy":"product_cat","embeddable":true,"href":"https:\/\/games.tactic.net\/no\/wp-json\/wp\/v2\/product_cat?post=1368767"},{"taxonomy":"product_tag","embeddable":true,"href":"https:\/\/games.tactic.net\/no\/wp-json\/wp\/v2\/product_tag?post=1368767"},{"taxonomy":"brand","embeddable":true,"href":"https:\/\/games.tactic.net\/no\/wp-json\/wp\/v2\/brand?post=1368767"},{"taxonomy":"target-group","embeddable":true,"href":"https:\/\/games.tactic.net\/no\/wp-json\/wp\/v2\/target-group?post=1368767"},{"taxonomy":"discontinued","embeddable":true,"href":"https:\/\/games.tactic.net\/no\/wp-json\/wp\/v2\/discontinued?post=1368767"}],"curies":[{"name":"wp","href":"https:\/\/api.w.org\/{rel}","templated":true}]}}