{"id":1368727,"date":"2025-12-03T14:10:29","date_gmt":"2025-12-03T12:10:29","guid":{"rendered":"https:\/\/games.tactic.net\/tuote\/1000-pcs-puzzle-archer-of-the-grove\/"},"modified":"2025-12-03T14:10:29","modified_gmt":"2025-12-03T12:10:29","slug":"1000-pcs-puzzle-archer-of-the-grove","status":"publish","type":"product","link":"https:\/\/games.tactic.net\/no\/tuote\/1000-pcs-puzzle-archer-of-the-grove\/","title":{"rendered":"1000 pcs puzzle: Archer of the Grove"},"content":{"rendered":"<p>Slipp l\u00f8s helten i deg med et episk fantasipuslespill p\u00e5 1000 brikker! Bueskytteren, som sl\u00e5r til fra skyggene for \u00e5 beskytte lunden sin, venter p\u00e5 deg. Det er opp til deg \u00e5 vekke denne fantastiske fantasyverdenen til live, \u00e9n brikke om gangen. Gj\u00f8r deg klar til \u00e5 bygge det!<\/p>\n","protected":false},"excerpt":{"rendered":"<p>Slipp l\u00f8s helten i deg med et episk fantasipuslespill p\u00e5 1000 brikker! Bueskytteren, som sl\u00e5r til fra skyggene for \u00e5 beskytte lunden sin, venter p\u00e5 deg. Det er opp til deg \u00e5 vekke denne fantastiske fantasyverdenen til live, \u00e9n brikke om gangen. Gj\u00f8r deg klar til \u00e5 bygge det!<\/p>\n","protected":false},"featured_media":0,"template":"","meta":{"content-type":"","_monsterinsights_skip_tracking":false,"_monsterinsights_sitenote_active":false,"_monsterinsights_sitenote_note":"","_monsterinsights_sitenote_category":0},"product_brand":[],"product_cat":[922],"product_tag":[],"brand":[{"id":606,"name":"PuzzleLovers","slug":"puzzlelovers_no"}],"target-group":[],"discontinued":[],"class_list":{"0":"post-1368727","1":"product","2":"type-product","3":"status-publish","5":"product_cat-1000-brikker","6":"brand-puzzlelovers_no","8":"first","9":"instock","10":"taxable","11":"shipping-taxable","12":"product-type-simple"},"aioseo_notices":[],"_links":{"self":[{"href":"https:\/\/games.tactic.net\/no\/wp-json\/wp\/v2\/product\/1368727","targetHints":{"allow":["GET"]}}],"collection":[{"href":"https:\/\/games.tactic.net\/no\/wp-json\/wp\/v2\/product"}],"about":[{"href":"https:\/\/games.tactic.net\/no\/wp-json\/wp\/v2\/types\/product"}],"wp:attachment":[{"href":"https:\/\/games.tactic.net\/no\/wp-json\/wp\/v2\/media?parent=1368727"}],"wp:term":[{"taxonomy":"product_brand","embeddable":true,"href":"https:\/\/games.tactic.net\/no\/wp-json\/wp\/v2\/product_brand?post=1368727"},{"taxonomy":"product_cat","embeddable":true,"href":"https:\/\/games.tactic.net\/no\/wp-json\/wp\/v2\/product_cat?post=1368727"},{"taxonomy":"product_tag","embeddable":true,"href":"https:\/\/games.tactic.net\/no\/wp-json\/wp\/v2\/product_tag?post=1368727"},{"taxonomy":"brand","embeddable":true,"href":"https:\/\/games.tactic.net\/no\/wp-json\/wp\/v2\/brand?post=1368727"},{"taxonomy":"target-group","embeddable":true,"href":"https:\/\/games.tactic.net\/no\/wp-json\/wp\/v2\/target-group?post=1368727"},{"taxonomy":"discontinued","embeddable":true,"href":"https:\/\/games.tactic.net\/no\/wp-json\/wp\/v2\/discontinued?post=1368727"}],"curies":[{"name":"wp","href":"https:\/\/api.w.org\/{rel}","templated":true}]}}