{"id":1368535,"date":"2025-11-05T16:19:10","date_gmt":"2025-11-05T14:19:10","guid":{"rendered":"https:\/\/games.tactic.net\/tuote\/lumo-stars-reindeer-rudy-mini-plush\/"},"modified":"2025-11-05T16:19:10","modified_gmt":"2025-11-05T14:19:10","slug":"lumo-stars-reindeer-rudy-mini-plush","status":"publish","type":"product","link":"https:\/\/games.tactic.net\/no\/tuote\/lumo-stars-reindeer-rudy-mini-plush\/","title":{"rendered":"Lumo Stars Reindeer Rudy mini plush"},"content":{"rendered":"<p>Reinsdyret Rudy. Akkurat i tide til den kj\u00f8lige tidlige v\u00e5rkulden ankommer reinsdyret Rudy med en lilla pels og en krone av glitrende gevir. Rudys milde \u00f8yne gj\u00f8r ham til en p\u00e5litelig f\u00f8lgesvenn p\u00e5 sn\u00f8dekte v\u00e5rmorgener. Pakket inn i mykt plysjstoff representerer han utholdenhet og vennskap.<\/p>\n","protected":false},"excerpt":{"rendered":"<p>Reinsdyret Rudy. Akkurat i tide til den kj\u00f8lige tidlige v\u00e5rkulden ankommer reinsdyret Rudy med en lilla pels og en krone av glitrende gevir. Rudys milde \u00f8yne gj\u00f8r ham til en p\u00e5litelig f\u00f8lgesvenn p\u00e5 sn\u00f8dekte v\u00e5rmorgener. Pakket inn i mykt plysjstoff representerer han utholdenhet og vennskap.<\/p>\n","protected":false},"featured_media":0,"template":"","meta":{"content-type":"","_monsterinsights_skip_tracking":false,"_monsterinsights_sitenote_active":false,"_monsterinsights_sitenote_note":"","_monsterinsights_sitenote_category":0},"product_brand":[],"product_cat":[1680],"product_tag":[],"brand":[],"target-group":[],"discontinued":[],"class_list":{"0":"post-1368535","1":"product","2":"type-product","3":"status-publish","5":"product_cat-mini-plysj-kosedyr","7":"first","8":"outofstock","9":"taxable","10":"shipping-taxable","11":"product-type-simple"},"aioseo_notices":[],"_links":{"self":[{"href":"https:\/\/games.tactic.net\/no\/wp-json\/wp\/v2\/product\/1368535","targetHints":{"allow":["GET"]}}],"collection":[{"href":"https:\/\/games.tactic.net\/no\/wp-json\/wp\/v2\/product"}],"about":[{"href":"https:\/\/games.tactic.net\/no\/wp-json\/wp\/v2\/types\/product"}],"wp:attachment":[{"href":"https:\/\/games.tactic.net\/no\/wp-json\/wp\/v2\/media?parent=1368535"}],"wp:term":[{"taxonomy":"product_brand","embeddable":true,"href":"https:\/\/games.tactic.net\/no\/wp-json\/wp\/v2\/product_brand?post=1368535"},{"taxonomy":"product_cat","embeddable":true,"href":"https:\/\/games.tactic.net\/no\/wp-json\/wp\/v2\/product_cat?post=1368535"},{"taxonomy":"product_tag","embeddable":true,"href":"https:\/\/games.tactic.net\/no\/wp-json\/wp\/v2\/product_tag?post=1368535"},{"taxonomy":"brand","embeddable":true,"href":"https:\/\/games.tactic.net\/no\/wp-json\/wp\/v2\/brand?post=1368535"},{"taxonomy":"target-group","embeddable":true,"href":"https:\/\/games.tactic.net\/no\/wp-json\/wp\/v2\/target-group?post=1368535"},{"taxonomy":"discontinued","embeddable":true,"href":"https:\/\/games.tactic.net\/no\/wp-json\/wp\/v2\/discontinued?post=1368535"}],"curies":[{"name":"wp","href":"https:\/\/api.w.org\/{rel}","templated":true}]}}