{"id":1368502,"date":"2025-11-03T16:21:57","date_gmt":"2025-11-03T14:21:57","guid":{"rendered":"https:\/\/games.tactic.net\/tuote\/roadmax-tipper-truck\/"},"modified":"2025-11-03T16:21:57","modified_gmt":"2025-11-03T14:21:57","slug":"roadmax-tipper-truck","status":"publish","type":"product","link":"https:\/\/games.tactic.net\/no\/tuote\/roadmax-tipper-truck\/","title":{"rendered":"ROADMAX Tipper truck"},"content":{"rendered":"<p>BRUDERs temaverden med anleggskj\u00f8ret\u00f8y er ekstremt popul\u00e6r, og lekekj\u00f8ret\u00f8yene av premiumkvalitet har omfattende funksjoner. Dette gjelder ogs\u00e5 spesielt v\u00e5re yngste kunder. Med den nye ROADMAX tippbilen tilbyr BRUDER et nytt flott kj\u00f8ret\u00f8y for barn fra 2 \u00e5r. Tippbilen har en stor, fullt fungerende tippkasse for lek i sandkassen.<\/p>\n","protected":false},"excerpt":{"rendered":"<p>BRUDERs temaverden med anleggskj\u00f8ret\u00f8y er ekstremt popul\u00e6r, og lekekj\u00f8ret\u00f8yene av premiumkvalitet har omfattende funksjoner. Dette gjelder ogs\u00e5 spesielt v\u00e5re yngste kunder. Med den nye ROADMAX tippbilen tilbyr BRUDER et nytt flott kj\u00f8ret\u00f8y for barn fra 2 \u00e5r. Tippbilen har en stor, fullt fungerende tippkasse for lek i sandkassen.<\/p>\n","protected":false},"featured_media":0,"template":"","meta":{"content-type":"","_monsterinsights_skip_tracking":false,"_monsterinsights_sitenote_active":false,"_monsterinsights_sitenote_note":"","_monsterinsights_sitenote_category":0},"product_brand":[],"product_cat":[1705],"product_tag":[],"brand":[],"target-group":[],"discontinued":[],"class_list":{"0":"post-1368502","1":"product","2":"type-product","3":"status-publish","5":"product_cat-bruder-leker","7":"first","8":"outofstock","9":"taxable","10":"shipping-taxable","11":"product-type-simple"},"aioseo_notices":[],"_links":{"self":[{"href":"https:\/\/games.tactic.net\/no\/wp-json\/wp\/v2\/product\/1368502","targetHints":{"allow":["GET"]}}],"collection":[{"href":"https:\/\/games.tactic.net\/no\/wp-json\/wp\/v2\/product"}],"about":[{"href":"https:\/\/games.tactic.net\/no\/wp-json\/wp\/v2\/types\/product"}],"wp:attachment":[{"href":"https:\/\/games.tactic.net\/no\/wp-json\/wp\/v2\/media?parent=1368502"}],"wp:term":[{"taxonomy":"product_brand","embeddable":true,"href":"https:\/\/games.tactic.net\/no\/wp-json\/wp\/v2\/product_brand?post=1368502"},{"taxonomy":"product_cat","embeddable":true,"href":"https:\/\/games.tactic.net\/no\/wp-json\/wp\/v2\/product_cat?post=1368502"},{"taxonomy":"product_tag","embeddable":true,"href":"https:\/\/games.tactic.net\/no\/wp-json\/wp\/v2\/product_tag?post=1368502"},{"taxonomy":"brand","embeddable":true,"href":"https:\/\/games.tactic.net\/no\/wp-json\/wp\/v2\/brand?post=1368502"},{"taxonomy":"target-group","embeddable":true,"href":"https:\/\/games.tactic.net\/no\/wp-json\/wp\/v2\/target-group?post=1368502"},{"taxonomy":"discontinued","embeddable":true,"href":"https:\/\/games.tactic.net\/no\/wp-json\/wp\/v2\/discontinued?post=1368502"}],"curies":[{"name":"wp","href":"https:\/\/api.w.org\/{rel}","templated":true}]}}