{"id":1368501,"date":"2025-11-03T16:21:45","date_gmt":"2025-11-03T14:21:45","guid":{"rendered":"https:\/\/games.tactic.net\/tuote\/volvo-excavator-ecr40\/"},"modified":"2025-11-03T16:21:45","modified_gmt":"2025-11-03T14:21:45","slug":"volvo-excavator-ecr40","status":"publish","type":"product","link":"https:\/\/games.tactic.net\/no\/tuote\/volvo-excavator-ecr40\/","title":{"rendered":"Volvo Excavator ECR40"},"content":{"rendered":"<p>Volvo minigraver er lett \u00e5 bruke og kompakt, med liten svingradius. Til tross for sine kompakte ytre m\u00e5l egner den seg til mange forskjellige bruksomr\u00e5der. Den sideveis svingbare gravearmen som ekstrautstyr gj\u00f8r den enda mer fleksibel i bruk. Beltekonstruksjonen gj\u00f8r at graveren kan bevege seg i mer utfordrende terreng, til og med i sandkassen. For- og bakskj\u00e6ret p\u00e5 understellet gir kj\u00f8ret\u00f8yet ekstra stabilitet p\u00e5 l\u00f8s grunn, noe som gj\u00f8r den bedre egnet til enkle planeringsarbeider. Som originalen er f\u00f8rerhuset glasert og utstyrt med en d\u00f8r som kan \u00e5pnes, mens gravemaskin karosseriet kan roteres 360\u00b0 \u2013 akkurat som den ekte vare.<\/p>\n","protected":false},"excerpt":{"rendered":"<p>Volvo gravemaskin er enkel \u00e5 bruke og kompakt med kort svingradius.<\/p>\n","protected":false},"featured_media":0,"template":"","meta":{"content-type":"","_monsterinsights_skip_tracking":false,"_monsterinsights_sitenote_active":false,"_monsterinsights_sitenote_note":"","_monsterinsights_sitenote_category":0},"product_brand":[],"product_cat":[1705],"product_tag":[],"brand":[],"target-group":[],"discontinued":[],"class_list":{"0":"post-1368501","1":"product","2":"type-product","3":"status-publish","5":"product_cat-bruder-leker","7":"first","8":"outofstock","9":"taxable","10":"shipping-taxable","11":"product-type-simple"},"aioseo_notices":[],"_links":{"self":[{"href":"https:\/\/games.tactic.net\/no\/wp-json\/wp\/v2\/product\/1368501","targetHints":{"allow":["GET"]}}],"collection":[{"href":"https:\/\/games.tactic.net\/no\/wp-json\/wp\/v2\/product"}],"about":[{"href":"https:\/\/games.tactic.net\/no\/wp-json\/wp\/v2\/types\/product"}],"wp:attachment":[{"href":"https:\/\/games.tactic.net\/no\/wp-json\/wp\/v2\/media?parent=1368501"}],"wp:term":[{"taxonomy":"product_brand","embeddable":true,"href":"https:\/\/games.tactic.net\/no\/wp-json\/wp\/v2\/product_brand?post=1368501"},{"taxonomy":"product_cat","embeddable":true,"href":"https:\/\/games.tactic.net\/no\/wp-json\/wp\/v2\/product_cat?post=1368501"},{"taxonomy":"product_tag","embeddable":true,"href":"https:\/\/games.tactic.net\/no\/wp-json\/wp\/v2\/product_tag?post=1368501"},{"taxonomy":"brand","embeddable":true,"href":"https:\/\/games.tactic.net\/no\/wp-json\/wp\/v2\/brand?post=1368501"},{"taxonomy":"target-group","embeddable":true,"href":"https:\/\/games.tactic.net\/no\/wp-json\/wp\/v2\/target-group?post=1368501"},{"taxonomy":"discontinued","embeddable":true,"href":"https:\/\/games.tactic.net\/no\/wp-json\/wp\/v2\/discontinued?post=1368501"}],"curies":[{"name":"wp","href":"https:\/\/api.w.org\/{rel}","templated":true}]}}