{"id":1368500,"date":"2025-11-03T16:21:34","date_gmt":"2025-11-03T14:21:34","guid":{"rendered":"https:\/\/games.tactic.net\/tuote\/horsch-maestro-8cx-precision-air-seeder\/"},"modified":"2025-11-03T16:21:34","modified_gmt":"2025-11-03T14:21:34","slug":"horsch-maestro-8cx-precision-air-seeder","status":"publish","type":"product","link":"https:\/\/games.tactic.net\/no\/tuote\/horsch-maestro-8cx-precision-air-seeder\/","title":{"rendered":"Horsch Maestro 8CX precision air seeder"},"content":{"rendered":"<p>Horsch Maestro-s\u00e5maskinen er det nyeste tilskuddet til BRUDERs landbruks sortiment. Den er designet for presisjons s\u00e5ing av ulike avlinger, inkludert mais, raps og soyab\u00f8nner. S\u00e5maskinen kan foldes sammen for veitransport og foldes ut igjen for \u00e5kerarbeid. Den integrerte tanken kan fylles og t\u00f8mmes via en skyve ventil. BRUDER 3000- og 4000-serie traktorer er den perfekte matchen for denne imponerende s\u00e5maskinen.<\/p>\n","protected":false},"excerpt":{"rendered":"<p>Horsch Maestro-s\u00e5maskinen er det nyeste tilskuddet til BRUDERs landbruks sortiment. Den er designet for presisjons s\u00e5ing av ulike avlinger, inkludert mais, raps og soyab\u00f8nner. S\u00e5maskinen kan foldes sammen for veitransport og foldes ut igjen for \u00e5kerarbeid. Den integrerte tanken kan fylles og t\u00f8mmes via en skyve ventil. BRUDER 3000- og 4000-serie traktorer er den perfekte [&hellip;]<\/p>\n","protected":false},"featured_media":0,"template":"","meta":{"content-type":"","_monsterinsights_skip_tracking":false,"_monsterinsights_sitenote_active":false,"_monsterinsights_sitenote_note":"","_monsterinsights_sitenote_category":0},"product_brand":[],"product_cat":[1705],"product_tag":[],"brand":[],"target-group":[],"discontinued":[],"class_list":{"0":"post-1368500","1":"product","2":"type-product","3":"status-publish","5":"product_cat-bruder-leker","7":"first","8":"outofstock","9":"taxable","10":"shipping-taxable","11":"product-type-simple"},"aioseo_notices":[],"_links":{"self":[{"href":"https:\/\/games.tactic.net\/no\/wp-json\/wp\/v2\/product\/1368500","targetHints":{"allow":["GET"]}}],"collection":[{"href":"https:\/\/games.tactic.net\/no\/wp-json\/wp\/v2\/product"}],"about":[{"href":"https:\/\/games.tactic.net\/no\/wp-json\/wp\/v2\/types\/product"}],"wp:attachment":[{"href":"https:\/\/games.tactic.net\/no\/wp-json\/wp\/v2\/media?parent=1368500"}],"wp:term":[{"taxonomy":"product_brand","embeddable":true,"href":"https:\/\/games.tactic.net\/no\/wp-json\/wp\/v2\/product_brand?post=1368500"},{"taxonomy":"product_cat","embeddable":true,"href":"https:\/\/games.tactic.net\/no\/wp-json\/wp\/v2\/product_cat?post=1368500"},{"taxonomy":"product_tag","embeddable":true,"href":"https:\/\/games.tactic.net\/no\/wp-json\/wp\/v2\/product_tag?post=1368500"},{"taxonomy":"brand","embeddable":true,"href":"https:\/\/games.tactic.net\/no\/wp-json\/wp\/v2\/brand?post=1368500"},{"taxonomy":"target-group","embeddable":true,"href":"https:\/\/games.tactic.net\/no\/wp-json\/wp\/v2\/target-group?post=1368500"},{"taxonomy":"discontinued","embeddable":true,"href":"https:\/\/games.tactic.net\/no\/wp-json\/wp\/v2\/discontinued?post=1368500"}],"curies":[{"name":"wp","href":"https:\/\/api.w.org\/{rel}","templated":true}]}}