{"id":1368366,"date":"2025-10-27T11:22:12","date_gmt":"2025-10-27T09:22:12","guid":{"rendered":"https:\/\/games.tactic.net\/tuote\/lumo-moose-mari-pink-grey-classic\/"},"modified":"2025-10-27T11:22:12","modified_gmt":"2025-10-27T09:22:12","slug":"lumo-moose-mari-pink-grey-classic","status":"publish","type":"product","link":"https:\/\/games.tactic.net\/no\/tuote\/lumo-moose-mari-pink-grey-classic\/","title":{"rendered":"Lumo Moose Mari pink\/grey classic"},"content":{"rendered":"<p>Jeg er Mari den Rosa Elgen \u2013 vennlig, dr\u00f8mmende og full av glitrende magi!   Jeg elsker \u00e5 se p\u00e5 stjernene og gj\u00f8re sm\u00e5 \u00f8yeblikk til magi. Med meg i n\u00e6rheten, f\u00f8les hver dag som et eventyr!<\/p>\n","protected":false},"excerpt":{"rendered":"<p>Jeg er Mari den Rosa Elgen \u2013 vennlig, dr\u00f8mmende og full av glitrende magi!<\/p>\n","protected":false},"featured_media":0,"template":"","meta":{"content-type":"","_monsterinsights_skip_tracking":false,"_monsterinsights_sitenote_active":false,"_monsterinsights_sitenote_note":"","_monsterinsights_sitenote_category":0},"product_brand":[],"product_cat":[1679],"product_tag":[],"brand":[],"target-group":[],"discontinued":[],"class_list":{"0":"post-1368366","1":"product","2":"type-product","3":"status-publish","5":"product_cat-classic-plysj-kosedyr","7":"first","8":"instock","9":"taxable","10":"shipping-taxable","11":"product-type-simple"},"aioseo_notices":[],"_links":{"self":[{"href":"https:\/\/games.tactic.net\/no\/wp-json\/wp\/v2\/product\/1368366","targetHints":{"allow":["GET"]}}],"collection":[{"href":"https:\/\/games.tactic.net\/no\/wp-json\/wp\/v2\/product"}],"about":[{"href":"https:\/\/games.tactic.net\/no\/wp-json\/wp\/v2\/types\/product"}],"wp:attachment":[{"href":"https:\/\/games.tactic.net\/no\/wp-json\/wp\/v2\/media?parent=1368366"}],"wp:term":[{"taxonomy":"product_brand","embeddable":true,"href":"https:\/\/games.tactic.net\/no\/wp-json\/wp\/v2\/product_brand?post=1368366"},{"taxonomy":"product_cat","embeddable":true,"href":"https:\/\/games.tactic.net\/no\/wp-json\/wp\/v2\/product_cat?post=1368366"},{"taxonomy":"product_tag","embeddable":true,"href":"https:\/\/games.tactic.net\/no\/wp-json\/wp\/v2\/product_tag?post=1368366"},{"taxonomy":"brand","embeddable":true,"href":"https:\/\/games.tactic.net\/no\/wp-json\/wp\/v2\/brand?post=1368366"},{"taxonomy":"target-group","embeddable":true,"href":"https:\/\/games.tactic.net\/no\/wp-json\/wp\/v2\/target-group?post=1368366"},{"taxonomy":"discontinued","embeddable":true,"href":"https:\/\/games.tactic.net\/no\/wp-json\/wp\/v2\/discontinued?post=1368366"}],"curies":[{"name":"wp","href":"https:\/\/api.w.org\/{rel}","templated":true}]}}