{"id":1368363,"date":"2025-10-27T11:21:48","date_gmt":"2025-10-27T09:21:48","guid":{"rendered":"https:\/\/games.tactic.net\/tuote\/lumo-moose-kari-brown-mini\/"},"modified":"2025-10-27T11:21:48","modified_gmt":"2025-10-27T09:21:48","slug":"lumo-moose-kari-brown-mini","status":"publish","type":"product","link":"https:\/\/games.tactic.net\/no\/tuote\/lumo-moose-kari-brown-mini\/","title":{"rendered":"Lumo Moose Kari brown mini"},"content":{"rendered":"<p>Jeg er elgen Kari  \u2013 fredelig, stolt og en sann skogvokter. De store gevirene mine kan se imponerende ut, men det er mitt milde hjerte som gj\u00f8r meg spesiell. <\/p>\n<p>Denne 8,5 cm h\u00f8ye maskoten er enkel \u00e5 feste, for eksempel p\u00e5 en ryggsekk.<\/p>\n","protected":false},"excerpt":{"rendered":"<p>Jeg er elgen Kari  \u2013 fredelig, stolt og en sann skogvokter.<\/p>\n","protected":false},"featured_media":0,"template":"","meta":{"content-type":"","_monsterinsights_skip_tracking":false,"_monsterinsights_sitenote_active":false,"_monsterinsights_sitenote_note":"","_monsterinsights_sitenote_category":0},"product_brand":[],"product_cat":[1680],"product_tag":[],"brand":[],"target-group":[],"discontinued":[],"class_list":{"0":"post-1368363","1":"product","2":"type-product","3":"status-publish","5":"product_cat-mini-plysj-kosedyr","7":"first","8":"outofstock","9":"taxable","10":"shipping-taxable","11":"product-type-simple"},"aioseo_notices":[],"_links":{"self":[{"href":"https:\/\/games.tactic.net\/no\/wp-json\/wp\/v2\/product\/1368363","targetHints":{"allow":["GET"]}}],"collection":[{"href":"https:\/\/games.tactic.net\/no\/wp-json\/wp\/v2\/product"}],"about":[{"href":"https:\/\/games.tactic.net\/no\/wp-json\/wp\/v2\/types\/product"}],"wp:attachment":[{"href":"https:\/\/games.tactic.net\/no\/wp-json\/wp\/v2\/media?parent=1368363"}],"wp:term":[{"taxonomy":"product_brand","embeddable":true,"href":"https:\/\/games.tactic.net\/no\/wp-json\/wp\/v2\/product_brand?post=1368363"},{"taxonomy":"product_cat","embeddable":true,"href":"https:\/\/games.tactic.net\/no\/wp-json\/wp\/v2\/product_cat?post=1368363"},{"taxonomy":"product_tag","embeddable":true,"href":"https:\/\/games.tactic.net\/no\/wp-json\/wp\/v2\/product_tag?post=1368363"},{"taxonomy":"brand","embeddable":true,"href":"https:\/\/games.tactic.net\/no\/wp-json\/wp\/v2\/brand?post=1368363"},{"taxonomy":"target-group","embeddable":true,"href":"https:\/\/games.tactic.net\/no\/wp-json\/wp\/v2\/target-group?post=1368363"},{"taxonomy":"discontinued","embeddable":true,"href":"https:\/\/games.tactic.net\/no\/wp-json\/wp\/v2\/discontinued?post=1368363"}],"curies":[{"name":"wp","href":"https:\/\/api.w.org\/{rel}","templated":true}]}}