{"id":1368331,"date":"2025-10-22T11:59:16","date_gmt":"2025-10-22T08:59:16","guid":{"rendered":"https:\/\/games.tactic.net\/tuote\/hvis-ingen-gar-i-fella-painting-book\/"},"modified":"2025-10-22T11:59:16","modified_gmt":"2025-10-22T08:59:16","slug":"hvis-ingen-gar-i-fella-painting-book","status":"archive","type":"product","link":"https:\/\/games.tactic.net\/no\/tuote\/hvis-ingen-gar-i-fella-painting-book\/","title":{"rendered":"Hvis ingen g\u00e5r i fella Painting book"},"content":{"rendered":"<p>Malebok med 32 sider og flotte strektegninger som skal fargelegges. Alle motiver er inspirert av filmen &laquo;Hvis ingen g\u00e5r i fella&raquo;.<br \/>\n&laquo;Hvis ingen g\u00e5r i fella&raquo; er en julefilm med premiere 7. november 2025, inspirert av Alf Pr\u00f8ysen.<\/p>\n","protected":false},"excerpt":{"rendered":"<p>Malebok med 32 sider og flotte strektegninger som skal fargelegges. Alle motiver er inspirert av filmen &laquo;Hvis ingen g\u00e5r i fella&raquo;. &laquo;Hvis ingen g\u00e5r i fella&raquo; er en julefilm med premiere 7. november 2025, inspirert av Alf Pr\u00f8ysen.<\/p>\n","protected":false},"featured_media":0,"template":"","meta":{"content-type":"","_monsterinsights_skip_tracking":false,"_monsterinsights_sitenote_active":false,"_monsterinsights_sitenote_note":"","_monsterinsights_sitenote_category":0},"product_brand":[],"product_cat":[2026,2027],"product_tag":[],"brand":[],"target-group":[],"discontinued":[],"class_list":{"0":"post-1368331","1":"product","2":"type-product","3":"status-archive","5":"product_cat-aktivitetsboker","6":"product_cat-maleboker","8":"first","9":"instock","10":"taxable","11":"shipping-taxable","12":"product-type-simple"},"aioseo_notices":[],"_links":{"self":[{"href":"https:\/\/games.tactic.net\/no\/wp-json\/wp\/v2\/product\/1368331","targetHints":{"allow":["GET"]}}],"collection":[{"href":"https:\/\/games.tactic.net\/no\/wp-json\/wp\/v2\/product"}],"about":[{"href":"https:\/\/games.tactic.net\/no\/wp-json\/wp\/v2\/types\/product"}],"wp:attachment":[{"href":"https:\/\/games.tactic.net\/no\/wp-json\/wp\/v2\/media?parent=1368331"}],"wp:term":[{"taxonomy":"product_brand","embeddable":true,"href":"https:\/\/games.tactic.net\/no\/wp-json\/wp\/v2\/product_brand?post=1368331"},{"taxonomy":"product_cat","embeddable":true,"href":"https:\/\/games.tactic.net\/no\/wp-json\/wp\/v2\/product_cat?post=1368331"},{"taxonomy":"product_tag","embeddable":true,"href":"https:\/\/games.tactic.net\/no\/wp-json\/wp\/v2\/product_tag?post=1368331"},{"taxonomy":"brand","embeddable":true,"href":"https:\/\/games.tactic.net\/no\/wp-json\/wp\/v2\/brand?post=1368331"},{"taxonomy":"target-group","embeddable":true,"href":"https:\/\/games.tactic.net\/no\/wp-json\/wp\/v2\/target-group?post=1368331"},{"taxonomy":"discontinued","embeddable":true,"href":"https:\/\/games.tactic.net\/no\/wp-json\/wp\/v2\/discontinued?post=1368331"}],"curies":[{"name":"wp","href":"https:\/\/api.w.org\/{rel}","templated":true}]}}