{"id":1368270,"date":"2025-10-18T15:10:21","date_gmt":"2025-10-18T12:10:21","guid":{"rendered":"https:\/\/games.tactic.net\/tuote\/penol-850-10-pcs-box-2-5mm-whiteboard-marker-nse\/"},"modified":"2025-10-18T15:10:21","modified_gmt":"2025-10-18T12:10:21","slug":"penol-850-10-pcs-box-2-5mm-whiteboard-marker-nse","status":"publish","type":"product","link":"https:\/\/games.tactic.net\/no\/tuote\/penol-850-10-pcs-box-2-5mm-whiteboard-marker-nse\/","title":{"rendered":"PENOL 850 10 PCS BOX 2-5MM WHITEBOARD-MARKER NSE"},"content":{"rendered":"<p>Penol 850 Whiteboard Markers skr\u00e5skj\u00e6rt (chisel). 10 whiteboardpenner i farger som liver opp en presentasjon eller familiens oppslagstavle. Pennene er luktfrie og enkle \u00e5 t\u00f8rke bort med en t\u00f8rr klut eller tavlesvamp. Pennespissen er en 2\u20135 mm skr\u00e5skj\u00e6rt meiselspiss som gj\u00f8r det enkelt \u00e5 skrive b\u00e5de stort og lite.<\/p>\n","protected":false},"excerpt":{"rendered":"<p>Penol 850 Whiteboard Markers skr\u00e5skj\u00e6rt (chisel). 10 whiteboardpenner i farger som liver opp en presentasjon eller familiens oppslagstavle. Pennene er luktfrie og enkle \u00e5 t\u00f8rke bort med en t\u00f8rr klut eller tavlesvamp. Pennespissen er en 2\u20135 mm skr\u00e5skj\u00e6rt meiselspiss som gj\u00f8r det enkelt \u00e5 skrive b\u00e5de stort og lite.<\/p>\n","protected":false},"featured_media":0,"template":"","meta":{"content-type":"","_monsterinsights_skip_tracking":false,"_monsterinsights_sitenote_active":false,"_monsterinsights_sitenote_note":"","_monsterinsights_sitenote_category":0},"product_brand":[],"product_cat":[2130],"product_tag":[],"brand":[],"target-group":[],"discontinued":[],"class_list":{"0":"post-1368270","1":"product","2":"type-product","3":"status-publish","5":"product_cat-skrive","7":"first","8":"instock","9":"taxable","10":"shipping-taxable","11":"product-type-simple"},"aioseo_notices":[],"_links":{"self":[{"href":"https:\/\/games.tactic.net\/no\/wp-json\/wp\/v2\/product\/1368270","targetHints":{"allow":["GET"]}}],"collection":[{"href":"https:\/\/games.tactic.net\/no\/wp-json\/wp\/v2\/product"}],"about":[{"href":"https:\/\/games.tactic.net\/no\/wp-json\/wp\/v2\/types\/product"}],"wp:attachment":[{"href":"https:\/\/games.tactic.net\/no\/wp-json\/wp\/v2\/media?parent=1368270"}],"wp:term":[{"taxonomy":"product_brand","embeddable":true,"href":"https:\/\/games.tactic.net\/no\/wp-json\/wp\/v2\/product_brand?post=1368270"},{"taxonomy":"product_cat","embeddable":true,"href":"https:\/\/games.tactic.net\/no\/wp-json\/wp\/v2\/product_cat?post=1368270"},{"taxonomy":"product_tag","embeddable":true,"href":"https:\/\/games.tactic.net\/no\/wp-json\/wp\/v2\/product_tag?post=1368270"},{"taxonomy":"brand","embeddable":true,"href":"https:\/\/games.tactic.net\/no\/wp-json\/wp\/v2\/brand?post=1368270"},{"taxonomy":"target-group","embeddable":true,"href":"https:\/\/games.tactic.net\/no\/wp-json\/wp\/v2\/target-group?post=1368270"},{"taxonomy":"discontinued","embeddable":true,"href":"https:\/\/games.tactic.net\/no\/wp-json\/wp\/v2\/discontinued?post=1368270"}],"curies":[{"name":"wp","href":"https:\/\/api.w.org\/{rel}","templated":true}]}}