{"id":1368244,"date":"2025-10-16T17:20:06","date_gmt":"2025-10-16T14:20:06","guid":{"rendered":"https:\/\/games.tactic.net\/tuote\/lets-learn-letters-wipe-clean-activity-book\/"},"modified":"2025-10-16T17:20:06","modified_gmt":"2025-10-16T14:20:06","slug":"lets-learn-letters-wipe-clean-activity-book","status":"publish","type":"product","link":"https:\/\/games.tactic.net\/no\/tuote\/lets-learn-letters-wipe-clean-activity-book\/","title":{"rendered":"Tactic Vi l\u00e6rer oss \u00e5 forme bokstaver"},"content":{"rendered":"<p>Vi l\u00e6rer oss formene p\u00e5 bokstavene ett skritt om gangen. Du l\u00e6rer \u00e5 tegne linjer ved \u00e5 f\u00f8lge eksemplene, og etter hvert kan du skrive hele bokstaver. Inneholder mange oppgaver som b\u00e5de er morsomme og gj\u00f8r deg flinkere. Inkluderer tusjtavle-tusj med svamp. Du kan \u00f8ve igjen og igjen!<\/p>\n","protected":false},"excerpt":{"rendered":"<p>Vi l\u00e6rer oss formene p\u00e5 bokstavene ett skritt om gangen. Du l\u00e6rer \u00e5 tegne linjer ved \u00e5 f\u00f8lge eksemplene, og etter hvert kan du skrive hele bokstaver. Inneholder mange oppgaver som b\u00e5de er morsomme og gj\u00f8r deg flinkere. Inkluderer tusjtavle-tusj med svamp. Du kan \u00f8ve igjen og igjen!<\/p>\n","protected":false},"featured_media":0,"template":"","meta":{"content-type":"","_monsterinsights_skip_tracking":false,"_monsterinsights_sitenote_active":false,"_monsterinsights_sitenote_note":"","_monsterinsights_sitenote_category":0},"product_brand":[],"product_cat":[2182],"product_tag":[],"brand":[],"target-group":[],"discontinued":[],"class_list":{"0":"post-1368244","1":"product","2":"type-product","3":"status-publish","5":"product_cat-laereboker","7":"first","8":"instock","9":"taxable","10":"shipping-taxable","11":"product-type-simple"},"aioseo_notices":[],"_links":{"self":[{"href":"https:\/\/games.tactic.net\/no\/wp-json\/wp\/v2\/product\/1368244","targetHints":{"allow":["GET"]}}],"collection":[{"href":"https:\/\/games.tactic.net\/no\/wp-json\/wp\/v2\/product"}],"about":[{"href":"https:\/\/games.tactic.net\/no\/wp-json\/wp\/v2\/types\/product"}],"wp:attachment":[{"href":"https:\/\/games.tactic.net\/no\/wp-json\/wp\/v2\/media?parent=1368244"}],"wp:term":[{"taxonomy":"product_brand","embeddable":true,"href":"https:\/\/games.tactic.net\/no\/wp-json\/wp\/v2\/product_brand?post=1368244"},{"taxonomy":"product_cat","embeddable":true,"href":"https:\/\/games.tactic.net\/no\/wp-json\/wp\/v2\/product_cat?post=1368244"},{"taxonomy":"product_tag","embeddable":true,"href":"https:\/\/games.tactic.net\/no\/wp-json\/wp\/v2\/product_tag?post=1368244"},{"taxonomy":"brand","embeddable":true,"href":"https:\/\/games.tactic.net\/no\/wp-json\/wp\/v2\/brand?post=1368244"},{"taxonomy":"target-group","embeddable":true,"href":"https:\/\/games.tactic.net\/no\/wp-json\/wp\/v2\/target-group?post=1368244"},{"taxonomy":"discontinued","embeddable":true,"href":"https:\/\/games.tactic.net\/no\/wp-json\/wp\/v2\/discontinued?post=1368244"}],"curies":[{"name":"wp","href":"https:\/\/api.w.org\/{rel}","templated":true}]}}