{"id":1368178,"date":"2025-10-14T13:47:47","date_gmt":"2025-10-14T10:47:47","guid":{"rendered":"https:\/\/games.tactic.net\/tuote\/hvis-ingen-gar-i-fella-bildebok-fri\/"},"modified":"2025-10-28T15:00:37","modified_gmt":"2025-10-28T13:00:37","slug":"hvis-ingen-gar-i-fella-bildebok-fri","status":"publish","type":"product","link":"https:\/\/games.tactic.net\/no\/tuote\/hvis-ingen-gar-i-fella-bildebok-fri\/","title":{"rendered":"Hvis ingen g\u00e5r i fella, bildebok fri"},"content":{"rendered":"<p>Det er lille julaften, og den vesle musefamilien gj\u00f8r de siste forberedelsene til jul i det forlatte huset p\u00e5 landet. Plutselig h\u00f8rer de noe p\u00e5 utsiden! En bil har stanset opp<br \/>\nforan huset. Kommer det mennesker? Inn kommer Mikkel og familien hans, helt uvitende om at de slettes ikke er alene. Snart utvikler f\u00f8rjulsdagene seg til<br \/>\nen intens kamp om hvilken familie som har rett p\u00e5 huset i jula. Hvem vinner jula til slutt &#8211; mus eller mennesker?<\/p>\n","protected":false},"excerpt":{"rendered":"<p>Det er lille julaften, og den vesle musefamilien gj\u00f8r de siste forberedelsene til jul i det forlatte huset p\u00e5 landet. Plutselig h\u00f8rer de noe p\u00e5 utsiden! En bil har stanset opp foran huset. Kommer det mennesker? Inn kommer Mikkel og familien hans, helt uvitende om at de slettes ikke er alene. Snart utvikler f\u00f8rjulsdagene seg [&hellip;]<\/p>\n","protected":false},"featured_media":0,"template":"","meta":{"content-type":"","_monsterinsights_skip_tracking":false,"_monsterinsights_sitenote_active":false,"_monsterinsights_sitenote_note":"","_monsterinsights_sitenote_category":0},"product_brand":[],"product_cat":[1698],"product_tag":[],"brand":[],"target-group":[],"discontinued":[],"class_list":{"0":"post-1368178","1":"product","2":"type-product","3":"status-publish","5":"product_cat-eventyr-og-billedboker","7":"first","8":"outofstock","9":"taxable","10":"shipping-taxable","11":"product-type-simple"},"aioseo_notices":[],"_links":{"self":[{"href":"https:\/\/games.tactic.net\/no\/wp-json\/wp\/v2\/product\/1368178","targetHints":{"allow":["GET"]}}],"collection":[{"href":"https:\/\/games.tactic.net\/no\/wp-json\/wp\/v2\/product"}],"about":[{"href":"https:\/\/games.tactic.net\/no\/wp-json\/wp\/v2\/types\/product"}],"wp:attachment":[{"href":"https:\/\/games.tactic.net\/no\/wp-json\/wp\/v2\/media?parent=1368178"}],"wp:term":[{"taxonomy":"product_brand","embeddable":true,"href":"https:\/\/games.tactic.net\/no\/wp-json\/wp\/v2\/product_brand?post=1368178"},{"taxonomy":"product_cat","embeddable":true,"href":"https:\/\/games.tactic.net\/no\/wp-json\/wp\/v2\/product_cat?post=1368178"},{"taxonomy":"product_tag","embeddable":true,"href":"https:\/\/games.tactic.net\/no\/wp-json\/wp\/v2\/product_tag?post=1368178"},{"taxonomy":"brand","embeddable":true,"href":"https:\/\/games.tactic.net\/no\/wp-json\/wp\/v2\/brand?post=1368178"},{"taxonomy":"target-group","embeddable":true,"href":"https:\/\/games.tactic.net\/no\/wp-json\/wp\/v2\/target-group?post=1368178"},{"taxonomy":"discontinued","embeddable":true,"href":"https:\/\/games.tactic.net\/no\/wp-json\/wp\/v2\/discontinued?post=1368178"}],"curies":[{"name":"wp","href":"https:\/\/api.w.org\/{rel}","templated":true}]}}