{"id":1368173,"date":"2025-10-09T17:21:10","date_gmt":"2025-10-09T14:21:10","guid":{"rendered":"https:\/\/games.tactic.net\/tuote\/tenk-likt\/"},"modified":"2025-10-09T17:21:10","modified_gmt":"2025-10-09T14:21:10","slug":"tenk-likt","status":"publish","type":"product","link":"https:\/\/games.tactic.net\/no\/tuote\/tenk-likt\/","title":{"rendered":"Tenk Likt"},"content":{"rendered":"<p>\u00abTenk likt\u00bb er et familie\/partyspill som g\u00e5r ut p\u00e5 \u00e5 tenke likt som medspillerne dine. Spillet begynner med at et ordkort legges opp, deretter skal alle bruke skriveplatene sine til \u00e5 skrive et ord som passer med kortet. Hvis to spillere har tenkt likt f\u00e5r de tre poeng hver, og hvis tre eller fler har tenkt likt f\u00e5r de ett poeng hver. Hvis du ikke har skrevet noe som noen andre har tenkt p\u00e5, f\u00e5r du ingen poeng og bedre lykke neste runde!<\/p>\n","protected":false},"excerpt":{"rendered":"<p>\u00abTenk likt\u00bb er et familie\/partyspill som g\u00e5r ut p\u00e5 \u00e5 tenke likt som medspillerne dine. Spillet begynner med at et ordkort legges opp, deretter skal alle bruke skriveplatene sine til \u00e5 skrive et ord som passer med kortet. Hvis to spillere har tenkt likt f\u00e5r de tre poeng hver, og hvis tre eller fler har [&hellip;]<\/p>\n","protected":false},"featured_media":0,"template":"","meta":{"content-type":"","_monsterinsights_skip_tracking":false,"_monsterinsights_sitenote_active":false,"_monsterinsights_sitenote_note":"","_monsterinsights_sitenote_category":0},"product_brand":[],"product_cat":[1662,1661],"product_tag":[],"brand":[{"id":2334,"name":"WOW","slug":"wow"}],"target-group":[],"discontinued":[],"class_list":{"0":"post-1368173","1":"product","2":"type-product","3":"status-publish","5":"product_cat-partyspill","6":"product_cat-selskapsspill-voksenspill","7":"brand-wow","9":"first","10":"instock","11":"taxable","12":"shipping-taxable","13":"product-type-simple"},"aioseo_notices":[],"_links":{"self":[{"href":"https:\/\/games.tactic.net\/no\/wp-json\/wp\/v2\/product\/1368173","targetHints":{"allow":["GET"]}}],"collection":[{"href":"https:\/\/games.tactic.net\/no\/wp-json\/wp\/v2\/product"}],"about":[{"href":"https:\/\/games.tactic.net\/no\/wp-json\/wp\/v2\/types\/product"}],"wp:attachment":[{"href":"https:\/\/games.tactic.net\/no\/wp-json\/wp\/v2\/media?parent=1368173"}],"wp:term":[{"taxonomy":"product_brand","embeddable":true,"href":"https:\/\/games.tactic.net\/no\/wp-json\/wp\/v2\/product_brand?post=1368173"},{"taxonomy":"product_cat","embeddable":true,"href":"https:\/\/games.tactic.net\/no\/wp-json\/wp\/v2\/product_cat?post=1368173"},{"taxonomy":"product_tag","embeddable":true,"href":"https:\/\/games.tactic.net\/no\/wp-json\/wp\/v2\/product_tag?post=1368173"},{"taxonomy":"brand","embeddable":true,"href":"https:\/\/games.tactic.net\/no\/wp-json\/wp\/v2\/brand?post=1368173"},{"taxonomy":"target-group","embeddable":true,"href":"https:\/\/games.tactic.net\/no\/wp-json\/wp\/v2\/target-group?post=1368173"},{"taxonomy":"discontinued","embeddable":true,"href":"https:\/\/games.tactic.net\/no\/wp-json\/wp\/v2\/discontinued?post=1368173"}],"curies":[{"name":"wp","href":"https:\/\/api.w.org\/{rel}","templated":true}]}}