{"id":1368157,"date":"2025-10-07T16:08:11","date_gmt":"2025-10-07T13:08:11","guid":{"rendered":"https:\/\/games.tactic.net\/tuote\/lets-learn-trivia-game-ages-7-to-9\/"},"modified":"2025-10-07T16:08:11","modified_gmt":"2025-10-07T13:08:11","slug":"lets-learn-trivia-game-ages-7-to-9","status":"publish","type":"product","link":"https:\/\/games.tactic.net\/no\/tuote\/lets-learn-trivia-game-ages-7-to-9\/","title":{"rendered":"Tactic Vi l\u00e6rer oss sp\u00f8rrespill &#8211; 7 til 9 \u00e5r"},"content":{"rendered":"<p>Hei, smarte og nysgjerrige andreklassing! Se hvor mye du kan, og be vennene dine om \u00e5 bli med p\u00e5 moroa. Dette morsomme sp\u00f8rrespillet inneholder 500 sp\u00f8rsm\u00e5l fra fagene i andreklasse. \u00d8v p\u00e5 det du allerede har l\u00e6rt, og l\u00e6r noe nytt! Reglene kunne ikke v\u00e6rt enklere \u2013 bare skaff 5 spillebrikker ved \u00e5 svare riktig p\u00e5 5 sp\u00f8rsm\u00e5l. Kommer du opp til toppniv\u00e5, kan du ikke miste poengene dine. Du kan velge \u00e5 ikke svare hvis du ikke har lyst til \u00e5 gjette.<\/p>\n","protected":false},"excerpt":{"rendered":"<p>Hei, smarte og nysgjerrige andreklassing! Se hvor mye du kan, og be vennene dine om \u00e5 bli med p\u00e5 moroa. Dette morsomme sp\u00f8rrespillet inneholder 500 sp\u00f8rsm\u00e5l fra fagene i andreklasse. \u00d8v p\u00e5 det du allerede har l\u00e6rt, og l\u00e6r noe nytt! Reglene kunne ikke v\u00e6rt enklere \u2013 bare skaff 5 spillebrikker ved \u00e5 svare riktig [&hellip;]<\/p>\n","protected":false},"featured_media":0,"template":"","meta":{"content-type":"","_monsterinsights_skip_tracking":false,"_monsterinsights_sitenote_active":false,"_monsterinsights_sitenote_note":"","_monsterinsights_sitenote_category":0},"product_brand":[],"product_cat":[1663,1587],"product_tag":[1255],"brand":[{"id":861,"name":"Let's Learn","slug":"letslearn-no"}],"target-group":[],"discontinued":[],"class_list":{"0":"post-1368157","1":"product","2":"type-product","3":"status-publish","5":"product_cat-laerespill","6":"product_cat-reisespill-familiespill","7":"product_tag-pedagogisk-no","8":"brand-letslearn-no","10":"first","11":"instock","12":"taxable","13":"shipping-taxable","14":"product-type-simple"},"aioseo_notices":[],"_links":{"self":[{"href":"https:\/\/games.tactic.net\/no\/wp-json\/wp\/v2\/product\/1368157","targetHints":{"allow":["GET"]}}],"collection":[{"href":"https:\/\/games.tactic.net\/no\/wp-json\/wp\/v2\/product"}],"about":[{"href":"https:\/\/games.tactic.net\/no\/wp-json\/wp\/v2\/types\/product"}],"wp:attachment":[{"href":"https:\/\/games.tactic.net\/no\/wp-json\/wp\/v2\/media?parent=1368157"}],"wp:term":[{"taxonomy":"product_brand","embeddable":true,"href":"https:\/\/games.tactic.net\/no\/wp-json\/wp\/v2\/product_brand?post=1368157"},{"taxonomy":"product_cat","embeddable":true,"href":"https:\/\/games.tactic.net\/no\/wp-json\/wp\/v2\/product_cat?post=1368157"},{"taxonomy":"product_tag","embeddable":true,"href":"https:\/\/games.tactic.net\/no\/wp-json\/wp\/v2\/product_tag?post=1368157"},{"taxonomy":"brand","embeddable":true,"href":"https:\/\/games.tactic.net\/no\/wp-json\/wp\/v2\/brand?post=1368157"},{"taxonomy":"target-group","embeddable":true,"href":"https:\/\/games.tactic.net\/no\/wp-json\/wp\/v2\/target-group?post=1368157"},{"taxonomy":"discontinued","embeddable":true,"href":"https:\/\/games.tactic.net\/no\/wp-json\/wp\/v2\/discontinued?post=1368157"}],"curies":[{"name":"wp","href":"https:\/\/api.w.org\/{rel}","templated":true}]}}