{"id":1368138,"date":"2025-10-01T13:55:15","date_gmt":"2025-10-01T10:55:15","guid":{"rendered":"https:\/\/games.tactic.net\/tuote\/hvis-ingen-gar-i-fella-3-i-1-lotto-memo-domino\/"},"modified":"2025-10-01T13:55:15","modified_gmt":"2025-10-01T10:55:15","slug":"hvis-ingen-gar-i-fella-3-i-1-lotto-memo-domino","status":"publish","type":"product","link":"https:\/\/games.tactic.net\/no\/tuote\/hvis-ingen-gar-i-fella-3-i-1-lotto-memo-domino\/","title":{"rendered":"Hvis ingen g\u00e5r i fella 3 i 1 Lotto Memo Domino"},"content":{"rendered":"<p>3i1 memo, lotto og domino med illustrasjoner hentet fra filmen &laquo;Hvis ingen g\u00e5r i fella&raquo;. 3 enkle spill i en eske, Memo, Lotto og Domino. Samle s\u00e5 mange brikker som mulig (Memo), finn brikker som passer p\u00e5 bildebrettet ditt (Lotto) og lag lange linjer med brikker (Domino). Endel\u00f8s moro for alle!<br \/>\n&laquo;Hvis ingen g\u00e5r i fella&raquo; er en julefilm med premiere 7. november 2025, inspirert av Alf Pr\u00f8ysen. <\/p>\n","protected":false},"excerpt":{"rendered":"<p>3i1 memo, lotto og domino med illustrasjoner hentet fra filmen &laquo;Hvis ingen g\u00e5r i fella&raquo;. 3 enkle spill i en eske, Memo, Lotto og Domino. Samle s\u00e5 mange brikker som mulig (Memo), finn brikker som passer p\u00e5 bildebrettet ditt (Lotto) og lag lange linjer med brikker (Domino). Endel\u00f8s moro for alle! &laquo;Hvis ingen g\u00e5r i [&hellip;]<\/p>\n","protected":false},"featured_media":0,"template":"","meta":{"content-type":"","_monsterinsights_skip_tracking":false,"_monsterinsights_sitenote_active":false,"_monsterinsights_sitenote_note":"","_monsterinsights_sitenote_category":0},"product_brand":[],"product_cat":[1649,1651],"product_tag":[1233],"brand":[],"target-group":[],"discontinued":[],"class_list":{"0":"post-1368138","1":"product","2":"type-product","3":"status-publish","5":"product_cat-barnespill-barnespill","6":"product_cat-memospill","7":"product_tag-kombinere-no","9":"first","10":"instock","11":"taxable","12":"shipping-taxable","13":"product-type-simple"},"aioseo_notices":[],"_links":{"self":[{"href":"https:\/\/games.tactic.net\/no\/wp-json\/wp\/v2\/product\/1368138","targetHints":{"allow":["GET"]}}],"collection":[{"href":"https:\/\/games.tactic.net\/no\/wp-json\/wp\/v2\/product"}],"about":[{"href":"https:\/\/games.tactic.net\/no\/wp-json\/wp\/v2\/types\/product"}],"wp:attachment":[{"href":"https:\/\/games.tactic.net\/no\/wp-json\/wp\/v2\/media?parent=1368138"}],"wp:term":[{"taxonomy":"product_brand","embeddable":true,"href":"https:\/\/games.tactic.net\/no\/wp-json\/wp\/v2\/product_brand?post=1368138"},{"taxonomy":"product_cat","embeddable":true,"href":"https:\/\/games.tactic.net\/no\/wp-json\/wp\/v2\/product_cat?post=1368138"},{"taxonomy":"product_tag","embeddable":true,"href":"https:\/\/games.tactic.net\/no\/wp-json\/wp\/v2\/product_tag?post=1368138"},{"taxonomy":"brand","embeddable":true,"href":"https:\/\/games.tactic.net\/no\/wp-json\/wp\/v2\/brand?post=1368138"},{"taxonomy":"target-group","embeddable":true,"href":"https:\/\/games.tactic.net\/no\/wp-json\/wp\/v2\/target-group?post=1368138"},{"taxonomy":"discontinued","embeddable":true,"href":"https:\/\/games.tactic.net\/no\/wp-json\/wp\/v2\/discontinued?post=1368138"}],"curies":[{"name":"wp","href":"https:\/\/api.w.org\/{rel}","templated":true}]}}