{"id":1368137,"date":"2025-10-01T13:53:02","date_gmt":"2025-10-01T10:53:02","guid":{"rendered":"https:\/\/games.tactic.net\/tuote\/hvis-ingen-gar-i-fella-56-pcs-puzzle\/"},"modified":"2025-10-01T13:53:02","modified_gmt":"2025-10-01T10:53:02","slug":"hvis-ingen-gar-i-fella-56-pcs-puzzle","status":"publish","type":"product","link":"https:\/\/games.tactic.net\/no\/tuote\/hvis-ingen-gar-i-fella-56-pcs-puzzle\/","title":{"rendered":"Hvis ingen g\u00e5r i fella 56 pcs puzzle"},"content":{"rendered":"<p>Puslespill 56 biter med motiv fra filmen &laquo;Hvis ingen g\u00e5r i fella&raquo;.<br \/>\n&laquo;Hvis ingen g\u00e5r i fella&raquo; er en julefilm med premiere 7. november 2025, inspirert av Alf Pr\u00f8ysen.<\/p>\n","protected":false},"excerpt":{"rendered":"<p>Puslespill 56 biter med motiv fra filmen &laquo;Hvis ingen g\u00e5r i fella&raquo;. &laquo;Hvis ingen g\u00e5r i fella&raquo; er en julefilm med premiere 7. november 2025, inspirert av Alf Pr\u00f8ysen.<\/p>\n","protected":false},"featured_media":0,"template":"","meta":{"content-type":"","_monsterinsights_skip_tracking":false,"_monsterinsights_sitenote_active":false,"_monsterinsights_sitenote_note":"","_monsterinsights_sitenote_category":0},"product_brand":[],"product_cat":[1653],"product_tag":[344],"brand":[{"id":606,"name":"PuzzleLovers","slug":"puzzlelovers_no"}],"target-group":[],"discontinued":[],"class_list":{"0":"post-1368137","1":"product","2":"type-product","3":"status-publish","5":"product_cat-barnepuslespill-puslespill","6":"product_tag-kombinere","7":"brand-puzzlelovers_no","9":"first","10":"instock","11":"taxable","12":"shipping-taxable","13":"product-type-simple"},"aioseo_notices":[],"_links":{"self":[{"href":"https:\/\/games.tactic.net\/no\/wp-json\/wp\/v2\/product\/1368137","targetHints":{"allow":["GET"]}}],"collection":[{"href":"https:\/\/games.tactic.net\/no\/wp-json\/wp\/v2\/product"}],"about":[{"href":"https:\/\/games.tactic.net\/no\/wp-json\/wp\/v2\/types\/product"}],"wp:attachment":[{"href":"https:\/\/games.tactic.net\/no\/wp-json\/wp\/v2\/media?parent=1368137"}],"wp:term":[{"taxonomy":"product_brand","embeddable":true,"href":"https:\/\/games.tactic.net\/no\/wp-json\/wp\/v2\/product_brand?post=1368137"},{"taxonomy":"product_cat","embeddable":true,"href":"https:\/\/games.tactic.net\/no\/wp-json\/wp\/v2\/product_cat?post=1368137"},{"taxonomy":"product_tag","embeddable":true,"href":"https:\/\/games.tactic.net\/no\/wp-json\/wp\/v2\/product_tag?post=1368137"},{"taxonomy":"brand","embeddable":true,"href":"https:\/\/games.tactic.net\/no\/wp-json\/wp\/v2\/brand?post=1368137"},{"taxonomy":"target-group","embeddable":true,"href":"https:\/\/games.tactic.net\/no\/wp-json\/wp\/v2\/target-group?post=1368137"},{"taxonomy":"discontinued","embeddable":true,"href":"https:\/\/games.tactic.net\/no\/wp-json\/wp\/v2\/discontinued?post=1368137"}],"curies":[{"name":"wp","href":"https:\/\/api.w.org\/{rel}","templated":true}]}}