{"id":1368136,"date":"2025-10-01T13:50:38","date_gmt":"2025-10-01T10:50:38","guid":{"rendered":"https:\/\/games.tactic.net\/tuote\/gift-game-lifeline\/"},"modified":"2025-10-01T13:50:38","modified_gmt":"2025-10-01T10:50:38","slug":"gift-game-lifeline","status":"publish","type":"product","link":"https:\/\/games.tactic.net\/no\/tuote\/gift-game-lifeline\/","title":{"rendered":"Gamestorm Gift game Lifeline"},"content":{"rendered":"<p>LifeLine er en reise gjennom minnene og \u00f8yeblikkene som gj\u00f8r hvert liv unikt. Se tilbake p\u00e5 livets viktige \u00f8yeblikk og fortelle de andre spillerne om det! Plass\u00e9r kjente historiske hendelser sammen med egne personlige opplevelser i riktig rekkef\u00f8lge p\u00e5 livslinjen din. Du f\u00e5r poeng for hvert kort du legger riktig. Spilleren med h\u00f8yest poengsum vinner! I LifeLine er alle \u00f8yeblikk uforglemmelige!<\/p>\n","protected":false},"excerpt":{"rendered":"<p>LifeLine er en reise gjennom minnene og \u00f8yeblikkene som gj\u00f8r hvert liv unikt. Se tilbake p\u00e5 livets viktige \u00f8yeblikk og fortelle de andre spillerne om det! Plass\u00e9r kjente historiske hendelser sammen med egne personlige opplevelser i riktig rekkef\u00f8lge p\u00e5 livslinjen din. Du f\u00e5r poeng for hvert kort du legger riktig. Spilleren med h\u00f8yest poengsum vinner! [&hellip;]<\/p>\n","protected":false},"featured_media":0,"template":"","meta":{"content-type":"","_monsterinsights_skip_tracking":false,"_monsterinsights_sitenote_active":false,"_monsterinsights_sitenote_note":"","_monsterinsights_sitenote_category":0},"product_brand":[],"product_cat":[1662,1661],"product_tag":[1274],"brand":[],"target-group":[],"discontinued":[],"class_list":{"0":"post-1368136","1":"product","2":"type-product","3":"status-publish","5":"product_cat-partyspill","6":"product_cat-selskapsspill-voksenspill","7":"product_tag-kunnskap","9":"first","10":"instock","11":"taxable","12":"shipping-taxable","13":"product-type-simple"},"aioseo_notices":[],"_links":{"self":[{"href":"https:\/\/games.tactic.net\/no\/wp-json\/wp\/v2\/product\/1368136","targetHints":{"allow":["GET"]}}],"collection":[{"href":"https:\/\/games.tactic.net\/no\/wp-json\/wp\/v2\/product"}],"about":[{"href":"https:\/\/games.tactic.net\/no\/wp-json\/wp\/v2\/types\/product"}],"wp:attachment":[{"href":"https:\/\/games.tactic.net\/no\/wp-json\/wp\/v2\/media?parent=1368136"}],"wp:term":[{"taxonomy":"product_brand","embeddable":true,"href":"https:\/\/games.tactic.net\/no\/wp-json\/wp\/v2\/product_brand?post=1368136"},{"taxonomy":"product_cat","embeddable":true,"href":"https:\/\/games.tactic.net\/no\/wp-json\/wp\/v2\/product_cat?post=1368136"},{"taxonomy":"product_tag","embeddable":true,"href":"https:\/\/games.tactic.net\/no\/wp-json\/wp\/v2\/product_tag?post=1368136"},{"taxonomy":"brand","embeddable":true,"href":"https:\/\/games.tactic.net\/no\/wp-json\/wp\/v2\/brand?post=1368136"},{"taxonomy":"target-group","embeddable":true,"href":"https:\/\/games.tactic.net\/no\/wp-json\/wp\/v2\/target-group?post=1368136"},{"taxonomy":"discontinued","embeddable":true,"href":"https:\/\/games.tactic.net\/no\/wp-json\/wp\/v2\/discontinued?post=1368136"}],"curies":[{"name":"wp","href":"https:\/\/api.w.org\/{rel}","templated":true}]}}