{"id":1367985,"date":"2025-09-10T15:07:53","date_gmt":"2025-09-10T12:07:53","guid":{"rendered":"https:\/\/games.tactic.net\/tuote\/tactic-flagg-fra-hele-verden\/"},"modified":"2025-09-10T15:07:53","modified_gmt":"2025-09-10T12:07:53","slug":"tactic-flagg-fra-hele-verden","status":"publish","type":"product","link":"https:\/\/games.tactic.net\/no\/tuote\/tactic-flagg-fra-hele-verden\/","title":{"rendered":"Tactic Flagg verden rundt"},"content":{"rendered":"<p>Hvor mange flagg kjenner du? Kjenn igjen flagg, svar p\u00e5 sp\u00f8rsm\u00e5l om forskjellige land, og l\u00e6r mer p\u00e5 en g\u00f8yal m\u00e5te. Hvis hele familien vil spille, kan dere bruke svaralternativene for \u00e5 gj\u00f8re spillet litt lettere! Du f\u00e5r flytte raskere rundt spillebrettet ved \u00e5 svare p\u00e5 ekstrasp\u00f8rsm\u00e5l for \u00e5 f\u00e5 flere poeng, eller ved \u00e5 sl\u00e5 deg sammen med andre spillere. Bare begynn \u00e5 spille, og l\u00e6r mer om verden!<\/p>\n","protected":false},"excerpt":{"rendered":"<p>Hvor mange flagg kjenner du? Kjenn igjen flagg, svar p\u00e5 sp\u00f8rsm\u00e5l om forskjellige land, og l\u00e6r mer p\u00e5 en g\u00f8yal m\u00e5te. Hvis hele familien vil spille, kan dere bruke svaralternativene for \u00e5 gj\u00f8re spillet litt lettere! Du f\u00e5r flytte raskere rundt spillebrettet ved \u00e5 svare p\u00e5 ekstrasp\u00f8rsm\u00e5l for \u00e5 f\u00e5 flere poeng, eller ved \u00e5 [&hellip;]<\/p>\n","protected":false},"featured_media":0,"template":"","meta":{"content-type":"","_monsterinsights_skip_tracking":false,"_monsterinsights_sitenote_active":false,"_monsterinsights_sitenote_note":"","_monsterinsights_sitenote_category":0},"product_brand":[],"product_cat":[1664,1665],"product_tag":[1274,388],"brand":[],"target-group":[],"discontinued":[],"class_list":{"0":"post-1367985","1":"product","2":"type-product","3":"status-publish","5":"product_cat-sporrespill","6":"product_cat-sporrespill-voksenspill","7":"product_tag-kunnskap","8":"product_tag-pedagogisk","10":"first","11":"outofstock","12":"taxable","13":"shipping-taxable","14":"product-type-simple"},"aioseo_notices":[],"_links":{"self":[{"href":"https:\/\/games.tactic.net\/no\/wp-json\/wp\/v2\/product\/1367985","targetHints":{"allow":["GET"]}}],"collection":[{"href":"https:\/\/games.tactic.net\/no\/wp-json\/wp\/v2\/product"}],"about":[{"href":"https:\/\/games.tactic.net\/no\/wp-json\/wp\/v2\/types\/product"}],"wp:attachment":[{"href":"https:\/\/games.tactic.net\/no\/wp-json\/wp\/v2\/media?parent=1367985"}],"wp:term":[{"taxonomy":"product_brand","embeddable":true,"href":"https:\/\/games.tactic.net\/no\/wp-json\/wp\/v2\/product_brand?post=1367985"},{"taxonomy":"product_cat","embeddable":true,"href":"https:\/\/games.tactic.net\/no\/wp-json\/wp\/v2\/product_cat?post=1367985"},{"taxonomy":"product_tag","embeddable":true,"href":"https:\/\/games.tactic.net\/no\/wp-json\/wp\/v2\/product_tag?post=1367985"},{"taxonomy":"brand","embeddable":true,"href":"https:\/\/games.tactic.net\/no\/wp-json\/wp\/v2\/brand?post=1367985"},{"taxonomy":"target-group","embeddable":true,"href":"https:\/\/games.tactic.net\/no\/wp-json\/wp\/v2\/target-group?post=1367985"},{"taxonomy":"discontinued","embeddable":true,"href":"https:\/\/games.tactic.net\/no\/wp-json\/wp\/v2\/discontinued?post=1367985"}],"curies":[{"name":"wp","href":"https:\/\/api.w.org\/{rel}","templated":true}]}}