{"id":1367863,"date":"2025-09-03T16:09:05","date_gmt":"2025-09-03T13:09:05","guid":{"rendered":"https:\/\/games.tactic.net\/tuote\/hvis-ingen-gar-i-fella-ludo\/"},"modified":"2025-09-03T16:09:05","modified_gmt":"2025-09-03T13:09:05","slug":"hvis-ingen-gar-i-fella-ludo","status":"publish","type":"product","link":"https:\/\/games.tactic.net\/no\/tuote\/hvis-ingen-gar-i-fella-ludo\/","title":{"rendered":"Hvis ingen g\u00e5r i fella Ludo"},"content":{"rendered":"<p>Ludo med illustrasjoner inspirert av filmen &laquo;Hvis ingen g\u00e5r i fella&raquo;. Ludo er et tradisjonsrikt brettspill for hele familien.<br \/>\n&laquo;Hvis ingen g\u00e5r i fella&raquo; er en julefilm med premiere 7. november 2025. Filmen er inspirert av Alf Pr\u00f8ysen.<\/p>\n","protected":false},"excerpt":{"rendered":"<p>Ludo med illustrasjoner inspirert av filmen &laquo;Hvis ingen g\u00e5r i fella&raquo;. Ludo er et tradisjonsrikt brettspill for hele familien. &laquo;Hvis ingen g\u00e5r i fella&raquo; er en julefilm med premiere 7. november 2025. Filmen er inspirert av Alf Pr\u00f8ysen.<\/p>\n","protected":false},"featured_media":0,"template":"","meta":{"content-type":"","_monsterinsights_skip_tracking":false,"_monsterinsights_sitenote_active":false,"_monsterinsights_sitenote_note":"","_monsterinsights_sitenote_category":0},"product_brand":[],"product_cat":[1649,1619],"product_tag":[1003,1239],"brand":[],"target-group":[],"discontinued":[],"class_list":{"0":"post-1367863","1":"product","2":"type-product","3":"status-publish","5":"product_cat-barnespill-barnespill","6":"product_cat-brettspill","7":"product_tag-hell","8":"product_tag-strategi-no","10":"first","11":"instock","12":"taxable","13":"shipping-taxable","14":"product-type-simple"},"aioseo_notices":[],"_links":{"self":[{"href":"https:\/\/games.tactic.net\/no\/wp-json\/wp\/v2\/product\/1367863","targetHints":{"allow":["GET"]}}],"collection":[{"href":"https:\/\/games.tactic.net\/no\/wp-json\/wp\/v2\/product"}],"about":[{"href":"https:\/\/games.tactic.net\/no\/wp-json\/wp\/v2\/types\/product"}],"wp:attachment":[{"href":"https:\/\/games.tactic.net\/no\/wp-json\/wp\/v2\/media?parent=1367863"}],"wp:term":[{"taxonomy":"product_brand","embeddable":true,"href":"https:\/\/games.tactic.net\/no\/wp-json\/wp\/v2\/product_brand?post=1367863"},{"taxonomy":"product_cat","embeddable":true,"href":"https:\/\/games.tactic.net\/no\/wp-json\/wp\/v2\/product_cat?post=1367863"},{"taxonomy":"product_tag","embeddable":true,"href":"https:\/\/games.tactic.net\/no\/wp-json\/wp\/v2\/product_tag?post=1367863"},{"taxonomy":"brand","embeddable":true,"href":"https:\/\/games.tactic.net\/no\/wp-json\/wp\/v2\/brand?post=1367863"},{"taxonomy":"target-group","embeddable":true,"href":"https:\/\/games.tactic.net\/no\/wp-json\/wp\/v2\/target-group?post=1367863"},{"taxonomy":"discontinued","embeddable":true,"href":"https:\/\/games.tactic.net\/no\/wp-json\/wp\/v2\/discontinued?post=1367863"}],"curies":[{"name":"wp","href":"https:\/\/api.w.org\/{rel}","templated":true}]}}