{"id":1367860,"date":"2025-09-03T08:13:34","date_gmt":"2025-09-03T05:13:34","guid":{"rendered":"https:\/\/games.tactic.net\/tuote\/love-sittende-43-cm\/"},"modified":"2025-09-03T08:13:34","modified_gmt":"2025-09-03T05:13:34","slug":"love-sittende-43-cm","status":"publish","type":"product","link":"https:\/\/games.tactic.net\/no\/tuote\/love-sittende-43-cm\/","title":{"rendered":"L\u00f8ve sittende 43 cm"},"content":{"rendered":"<p>V\u00e5re fascinerende kattedyr tilh\u00f8rer en serie p\u00e5 tre, med l\u00f8ve, l\u00f8vinne og tiger. Naturtroe detaljer og myk pels er en herlig kombinasjon. Like fin som pynt p\u00e5 barnerommet, som til lek. Barnesikre \u00f8yne. Kan vaskes p\u00e5 40 grader. Godkjent fra 0+.<\/p>\n","protected":false},"excerpt":{"rendered":"<p>V\u00e5re fascinerende kattedyr tilh\u00f8rer en serie p\u00e5 tre, med l\u00f8ve, l\u00f8vinne og tiger. Naturtroe detaljer og myk pels er en herlig kombinasjon. Like fin som pynt p\u00e5 barnerommet, som til lek. Barnesikre \u00f8yne. Kan vaskes p\u00e5 40 grader. Godkjent fra 0+.<\/p>\n","protected":false},"featured_media":0,"template":"","meta":{"content-type":"","_monsterinsights_skip_tracking":false,"_monsterinsights_sitenote_active":false,"_monsterinsights_sitenote_note":"","_monsterinsights_sitenote_category":0},"product_brand":[],"product_cat":[2048],"product_tag":[],"brand":[],"target-group":[],"discontinued":[],"class_list":{"0":"post-1367860","1":"product","2":"type-product","3":"status-publish","5":"product_cat-teddykompaniet","7":"first","8":"instock","9":"taxable","10":"shipping-taxable","11":"product-type-simple"},"aioseo_notices":[],"_links":{"self":[{"href":"https:\/\/games.tactic.net\/no\/wp-json\/wp\/v2\/product\/1367860","targetHints":{"allow":["GET"]}}],"collection":[{"href":"https:\/\/games.tactic.net\/no\/wp-json\/wp\/v2\/product"}],"about":[{"href":"https:\/\/games.tactic.net\/no\/wp-json\/wp\/v2\/types\/product"}],"wp:attachment":[{"href":"https:\/\/games.tactic.net\/no\/wp-json\/wp\/v2\/media?parent=1367860"}],"wp:term":[{"taxonomy":"product_brand","embeddable":true,"href":"https:\/\/games.tactic.net\/no\/wp-json\/wp\/v2\/product_brand?post=1367860"},{"taxonomy":"product_cat","embeddable":true,"href":"https:\/\/games.tactic.net\/no\/wp-json\/wp\/v2\/product_cat?post=1367860"},{"taxonomy":"product_tag","embeddable":true,"href":"https:\/\/games.tactic.net\/no\/wp-json\/wp\/v2\/product_tag?post=1367860"},{"taxonomy":"brand","embeddable":true,"href":"https:\/\/games.tactic.net\/no\/wp-json\/wp\/v2\/brand?post=1367860"},{"taxonomy":"target-group","embeddable":true,"href":"https:\/\/games.tactic.net\/no\/wp-json\/wp\/v2\/target-group?post=1367860"},{"taxonomy":"discontinued","embeddable":true,"href":"https:\/\/games.tactic.net\/no\/wp-json\/wp\/v2\/discontinued?post=1367860"}],"curies":[{"name":"wp","href":"https:\/\/api.w.org\/{rel}","templated":true}]}}