{"id":1367849,"date":"2025-09-03T08:12:26","date_gmt":"2025-09-03T05:12:26","guid":{"rendered":"https:\/\/games.tactic.net\/tuote\/theo-bamse-m-hjerte-19-cm-beige\/"},"modified":"2025-09-03T08:12:26","modified_gmt":"2025-09-03T05:12:26","slug":"theo-bamse-m-hjerte-19-cm-beige","status":"archive","type":"product","link":"https:\/\/games.tactic.net\/no\/tuote\/theo-bamse-m-hjerte-19-cm-beige\/","title":{"rendered":"Theo bamse m.hjerte 19 cm beige"},"content":{"rendered":"<p>Theo er en myk og koselig bamse. Passer fint til d\u00e5p, f\u00f8dselsdag eller bare for \u00e5 spre glede. Leveres i to farger. Kan vaskes p\u00e5 40 grader. Godkjent fra 0+.<\/p>\n","protected":false},"excerpt":{"rendered":"<p>Theo er en myk og koselig bamse. Passer fint til d\u00e5p, f\u00f8dselsdag eller bare for \u00e5 spre glede. Leveres i to farger. Kan vaskes p\u00e5 40 grader. Godkjent fra 0+.<\/p>\n","protected":false},"featured_media":0,"template":"","meta":{"content-type":"","_monsterinsights_skip_tracking":false,"_monsterinsights_sitenote_active":false,"_monsterinsights_sitenote_note":"","_monsterinsights_sitenote_category":0},"product_brand":[],"product_cat":[2048],"product_tag":[],"brand":[],"target-group":[],"discontinued":[],"class_list":{"0":"post-1367849","1":"product","2":"type-product","3":"status-archive","5":"product_cat-teddykompaniet","7":"first","8":"outofstock","9":"taxable","10":"shipping-taxable","11":"product-type-simple"},"aioseo_notices":[],"_links":{"self":[{"href":"https:\/\/games.tactic.net\/no\/wp-json\/wp\/v2\/product\/1367849","targetHints":{"allow":["GET"]}}],"collection":[{"href":"https:\/\/games.tactic.net\/no\/wp-json\/wp\/v2\/product"}],"about":[{"href":"https:\/\/games.tactic.net\/no\/wp-json\/wp\/v2\/types\/product"}],"wp:attachment":[{"href":"https:\/\/games.tactic.net\/no\/wp-json\/wp\/v2\/media?parent=1367849"}],"wp:term":[{"taxonomy":"product_brand","embeddable":true,"href":"https:\/\/games.tactic.net\/no\/wp-json\/wp\/v2\/product_brand?post=1367849"},{"taxonomy":"product_cat","embeddable":true,"href":"https:\/\/games.tactic.net\/no\/wp-json\/wp\/v2\/product_cat?post=1367849"},{"taxonomy":"product_tag","embeddable":true,"href":"https:\/\/games.tactic.net\/no\/wp-json\/wp\/v2\/product_tag?post=1367849"},{"taxonomy":"brand","embeddable":true,"href":"https:\/\/games.tactic.net\/no\/wp-json\/wp\/v2\/brand?post=1367849"},{"taxonomy":"target-group","embeddable":true,"href":"https:\/\/games.tactic.net\/no\/wp-json\/wp\/v2\/target-group?post=1367849"},{"taxonomy":"discontinued","embeddable":true,"href":"https:\/\/games.tactic.net\/no\/wp-json\/wp\/v2\/discontinued?post=1367849"}],"curies":[{"name":"wp","href":"https:\/\/api.w.org\/{rel}","templated":true}]}}