{"id":1367816,"date":"2025-08-28T11:29:32","date_gmt":"2025-08-28T08:29:32","guid":{"rendered":"https:\/\/games.tactic.net\/tuote\/vi-laerer-oss-skoleaktiviteter\/"},"modified":"2025-08-28T11:29:32","modified_gmt":"2025-08-28T08:29:32","slug":"vi-laerer-oss-skoleaktiviteter","status":"publish","type":"product","link":"https:\/\/games.tactic.net\/no\/tuote\/vi-laerer-oss-skoleaktiviteter\/","title":{"rendered":"Vi l\u00e6rer oss skoleaktiviteter"},"content":{"rendered":"<p>Dyrene i denne aktivitets boken tiltrekker barn til \u00e5 l\u00f8se problemer. La oss s\u00f8ke, tenke, unders\u00f8ke, l\u00f8se, skrive og telle. La oss \u00f8ve p\u00e5 viktige skoleskills og l\u00e6re om dyr samtidig!   La oss l\u00e6re!<\/p>\n","protected":false},"excerpt":{"rendered":"<p>Dyrene i denne aktivitets boken tiltrekker barn til \u00e5 l\u00f8se problemer. La oss s\u00f8ke, tenke, unders\u00f8ke, l\u00f8se, skrive og telle. La oss \u00f8ve p\u00e5 viktige skoleskills og l\u00e6re om dyr samtidig! La oss l\u00e6re!<\/p>\n","protected":false},"featured_media":0,"template":"","meta":{"content-type":"","_monsterinsights_skip_tracking":false,"_monsterinsights_sitenote_active":false,"_monsterinsights_sitenote_note":"","_monsterinsights_sitenote_category":0},"product_brand":[],"product_cat":[2026,2182],"product_tag":[],"brand":[{"id":861,"name":"Let's Learn","slug":"letslearn-no"}],"target-group":[],"discontinued":[],"class_list":{"0":"post-1367816","1":"product","2":"type-product","3":"status-publish","5":"product_cat-aktivitetsboker","6":"product_cat-laereboker","7":"brand-letslearn-no","9":"first","10":"instock","11":"taxable","12":"shipping-taxable","13":"product-type-simple"},"aioseo_notices":[],"_links":{"self":[{"href":"https:\/\/games.tactic.net\/no\/wp-json\/wp\/v2\/product\/1367816","targetHints":{"allow":["GET"]}}],"collection":[{"href":"https:\/\/games.tactic.net\/no\/wp-json\/wp\/v2\/product"}],"about":[{"href":"https:\/\/games.tactic.net\/no\/wp-json\/wp\/v2\/types\/product"}],"wp:attachment":[{"href":"https:\/\/games.tactic.net\/no\/wp-json\/wp\/v2\/media?parent=1367816"}],"wp:term":[{"taxonomy":"product_brand","embeddable":true,"href":"https:\/\/games.tactic.net\/no\/wp-json\/wp\/v2\/product_brand?post=1367816"},{"taxonomy":"product_cat","embeddable":true,"href":"https:\/\/games.tactic.net\/no\/wp-json\/wp\/v2\/product_cat?post=1367816"},{"taxonomy":"product_tag","embeddable":true,"href":"https:\/\/games.tactic.net\/no\/wp-json\/wp\/v2\/product_tag?post=1367816"},{"taxonomy":"brand","embeddable":true,"href":"https:\/\/games.tactic.net\/no\/wp-json\/wp\/v2\/brand?post=1367816"},{"taxonomy":"target-group","embeddable":true,"href":"https:\/\/games.tactic.net\/no\/wp-json\/wp\/v2\/target-group?post=1367816"},{"taxonomy":"discontinued","embeddable":true,"href":"https:\/\/games.tactic.net\/no\/wp-json\/wp\/v2\/discontinued?post=1367816"}],"curies":[{"name":"wp","href":"https:\/\/api.w.org\/{rel}","templated":true}]}}