{"id":1367801,"date":"2025-08-19T12:10:11","date_gmt":"2025-08-19T09:10:11","guid":{"rendered":"https:\/\/games.tactic.net\/tuote\/bruder-accessories-light-and-sound-module-trucks\/"},"modified":"2025-08-19T12:10:11","modified_gmt":"2025-08-19T09:10:11","slug":"bruder-accessories-light-and-sound-module-trucks","status":"publish","type":"product","link":"https:\/\/games.tactic.net\/no\/tuote\/bruder-accessories-light-and-sound-module-trucks\/","title":{"rendered":"Bruder Accessories Light and Sound Module trucks"},"content":{"rendered":"<p>Den nye lys- og lydmodulen for lastebiler har et imponerende toppmoderne design og forbedrer alle BRUDER-lastebiler. Fire forskjellige funksjonsknapper muliggj\u00f8r reproduksjon av motorlyder, politisirener samt brannvesensirener og til og med et bjeffsignal i omtrent 20 sekunder. Bjeffsignalet er spesielt egnet i tung trafikk og ved kryss for \u00e5 tiltrekke enda mer oppmerksomhet n\u00e5r bl\u00e5lysene og sirenene er aktivert i n\u00f8dtjenestekj\u00f8ret\u00f8y. Lysfunksjonen aktiveres samtidig med den tilsvarende lyden. Denne modellen gj\u00f8r det mulig \u00e5 montere to bl\u00e5 hetter (f.eks. politi), to oransje hetter (f.eks. servicekj\u00f8ret\u00f8y) og en r\u00f8d hette (f.eks. amerikanske n\u00f8dtjenester) i hvilken som helst kombinasjon.<\/p>\n","protected":false},"excerpt":{"rendered":"<p>Den nye lys- og lydmodulen for lastebiler har et imponerende toppmoderne design og forbedrer alle BRUDER-lastebiler. Fire forskjellige funksjonsknapper muliggj\u00f8r reproduksjon av motorlyder, politisirener samt brannvesensirener og til og med et bjeffsignal i omtrent 20 sekunder. Bjeffsignalet er spesielt egnet i tung trafikk og ved kryss for \u00e5 tiltrekke enda mer oppmerksomhet n\u00e5r bl\u00e5lysene og [&hellip;]<\/p>\n","protected":false},"featured_media":0,"template":"","meta":{"content-type":"","_monsterinsights_skip_tracking":false,"_monsterinsights_sitenote_active":false,"_monsterinsights_sitenote_note":"","_monsterinsights_sitenote_category":0},"product_brand":[],"product_cat":[1705],"product_tag":[],"brand":[],"target-group":[],"discontinued":[],"class_list":{"0":"post-1367801","1":"product","2":"type-product","3":"status-publish","5":"product_cat-bruder-leker","7":"first","8":"instock","9":"taxable","10":"shipping-taxable","11":"product-type-simple"},"aioseo_notices":[],"_links":{"self":[{"href":"https:\/\/games.tactic.net\/no\/wp-json\/wp\/v2\/product\/1367801","targetHints":{"allow":["GET"]}}],"collection":[{"href":"https:\/\/games.tactic.net\/no\/wp-json\/wp\/v2\/product"}],"about":[{"href":"https:\/\/games.tactic.net\/no\/wp-json\/wp\/v2\/types\/product"}],"wp:attachment":[{"href":"https:\/\/games.tactic.net\/no\/wp-json\/wp\/v2\/media?parent=1367801"}],"wp:term":[{"taxonomy":"product_brand","embeddable":true,"href":"https:\/\/games.tactic.net\/no\/wp-json\/wp\/v2\/product_brand?post=1367801"},{"taxonomy":"product_cat","embeddable":true,"href":"https:\/\/games.tactic.net\/no\/wp-json\/wp\/v2\/product_cat?post=1367801"},{"taxonomy":"product_tag","embeddable":true,"href":"https:\/\/games.tactic.net\/no\/wp-json\/wp\/v2\/product_tag?post=1367801"},{"taxonomy":"brand","embeddable":true,"href":"https:\/\/games.tactic.net\/no\/wp-json\/wp\/v2\/brand?post=1367801"},{"taxonomy":"target-group","embeddable":true,"href":"https:\/\/games.tactic.net\/no\/wp-json\/wp\/v2\/target-group?post=1367801"},{"taxonomy":"discontinued","embeddable":true,"href":"https:\/\/games.tactic.net\/no\/wp-json\/wp\/v2\/discontinued?post=1367801"}],"curies":[{"name":"wp","href":"https:\/\/api.w.org\/{rel}","templated":true}]}}