{"id":1367796,"date":"2025-08-19T12:09:16","date_gmt":"2025-08-19T09:09:16","guid":{"rendered":"https:\/\/games.tactic.net\/tuote\/magnetic-tiles-set-61-pcs\/"},"modified":"2025-08-19T12:09:16","modified_gmt":"2025-08-19T09:09:16","slug":"magnetic-tiles-set-61-pcs","status":"publish","type":"product","link":"https:\/\/games.tactic.net\/no\/tuote\/magnetic-tiles-set-61-pcs\/","title":{"rendered":"Magnetic Tiles set 61 pcs"},"content":{"rendered":"<p>La oss tilf\u00f8re litt magnetisk kreativitet til leken! Med disse fargerike og variert formede magnet brikkene kan du la fantasien fly og bygge nesten hva som helst! Du kan bygge etter id\u00e9heftet som f\u00f8lger med produktet, eller bare la fantasien l\u00f8pe. PicassoTiles -magneter er kompatible med hverandre, s\u00e5 jo flere brikker du har, desto st\u00f8rre bygger du!<\/p>\n","protected":false},"excerpt":{"rendered":"<p>La oss tilf\u00f8re litt magnetisk kreativitet til leken! Med disse fargerike og variert formede magnet brikkene kan du la fantasien fly og bygge nesten hva som helst! Du kan bygge etter id\u00e9heftet som f\u00f8lger med produktet, eller bare la fantasien l\u00f8pe. PicassoTiles -magneter er kompatible med hverandre, s\u00e5 jo flere brikker du har, desto st\u00f8rre [&hellip;]<\/p>\n","protected":false},"featured_media":0,"template":"","meta":{"content-type":"","_monsterinsights_skip_tracking":false,"_monsterinsights_sitenote_active":false,"_monsterinsights_sitenote_note":"","_monsterinsights_sitenote_category":0},"product_brand":[],"product_cat":[2294],"product_tag":[],"brand":[],"target-group":[],"discontinued":[],"class_list":{"0":"post-1367796","1":"product","2":"type-product","3":"status-publish","5":"product_cat-picassotiles-leker","7":"first","8":"instock","9":"taxable","10":"shipping-taxable","11":"product-type-simple"},"aioseo_notices":[],"_links":{"self":[{"href":"https:\/\/games.tactic.net\/no\/wp-json\/wp\/v2\/product\/1367796","targetHints":{"allow":["GET"]}}],"collection":[{"href":"https:\/\/games.tactic.net\/no\/wp-json\/wp\/v2\/product"}],"about":[{"href":"https:\/\/games.tactic.net\/no\/wp-json\/wp\/v2\/types\/product"}],"wp:attachment":[{"href":"https:\/\/games.tactic.net\/no\/wp-json\/wp\/v2\/media?parent=1367796"}],"wp:term":[{"taxonomy":"product_brand","embeddable":true,"href":"https:\/\/games.tactic.net\/no\/wp-json\/wp\/v2\/product_brand?post=1367796"},{"taxonomy":"product_cat","embeddable":true,"href":"https:\/\/games.tactic.net\/no\/wp-json\/wp\/v2\/product_cat?post=1367796"},{"taxonomy":"product_tag","embeddable":true,"href":"https:\/\/games.tactic.net\/no\/wp-json\/wp\/v2\/product_tag?post=1367796"},{"taxonomy":"brand","embeddable":true,"href":"https:\/\/games.tactic.net\/no\/wp-json\/wp\/v2\/brand?post=1367796"},{"taxonomy":"target-group","embeddable":true,"href":"https:\/\/games.tactic.net\/no\/wp-json\/wp\/v2\/target-group?post=1367796"},{"taxonomy":"discontinued","embeddable":true,"href":"https:\/\/games.tactic.net\/no\/wp-json\/wp\/v2\/discontinued?post=1367796"}],"curies":[{"name":"wp","href":"https:\/\/api.w.org\/{rel}","templated":true}]}}