{"id":1367589,"date":"2025-07-07T11:07:45","date_gmt":"2025-07-07T08:07:45","guid":{"rendered":"https:\/\/games.tactic.net\/tuote\/mb-arocs-sementblanderbil\/"},"modified":"2025-07-07T11:07:45","modified_gmt":"2025-07-07T08:07:45","slug":"mb-arocs-sementblanderbil","status":"publish","type":"product","link":"https:\/\/games.tactic.net\/no\/tuote\/mb-arocs-sementblanderbil\/","title":{"rendered":"MB Arocs sementblanderbil"},"content":{"rendered":"<p>Kraft, holdbarhet og effektivitet representerer ofte avgj\u00f8rende elementer p\u00e5 en arbeidsdag p\u00e5 veier og byggeplasser. Dette er grunnen til at Mercedes-Benz Arocs er spesielt utviklet for disse behovene. Designet har ogs\u00e5 blitt revidert for \u00e5 matche disse tekniske funksjonene. For eksempel er fronten p\u00e5 radiatorgrillen utformet i det typiske Arocs-utseendet, som gjenspeiler dens enorme kraft. Med denne modellen fokuserte vi intensivt p\u00e5 holdbarheten som kjennetegner BRUDER-produkter og utstyrte f\u00f8rerhuset med en d\u00f8r som kan \u00e5pnes for \u00e5 gi BRUDER-figurer tilgang til kj\u00f8ret\u00f8yet. Trommelen til lastebilblanderen kan dreies med en h\u00e5ndsveiv i vanntanken som foldes ut (trommel med spiraltransport\u00f8r og blandebatteri). Akkurat som originalen t\u00f8mmes trommelen ved \u00e5 snu rotasjonsretningen. Spiralen p\u00e5 innsiden av trommelen leverer lasten til utl\u00f8psrennen p\u00e5 baksiden. Inkluderer to plug-in avl\u00f8psrenner.<\/p>\n","protected":false},"excerpt":{"rendered":"<p>Kraft, holdbarhet og effektivitet representerer ofte avgj\u00f8rende elementer p\u00e5 en arbeidsdag p\u00e5 veier og byggeplasser. Dette er grunnen til at Mercedes-Benz Arocs er spesielt utviklet for disse behovene.<\/p>\n","protected":false},"featured_media":0,"template":"","meta":{"content-type":"","_monsterinsights_skip_tracking":false,"_monsterinsights_sitenote_active":false,"_monsterinsights_sitenote_note":"","_monsterinsights_sitenote_category":0},"product_brand":[],"product_cat":[1705],"product_tag":[],"brand":[],"target-group":[],"discontinued":[],"class_list":{"0":"post-1367589","1":"product","2":"type-product","3":"status-publish","5":"product_cat-bruder-leker","7":"first","8":"outofstock","9":"taxable","10":"shipping-taxable","11":"product-type-simple"},"aioseo_notices":[],"_links":{"self":[{"href":"https:\/\/games.tactic.net\/no\/wp-json\/wp\/v2\/product\/1367589","targetHints":{"allow":["GET"]}}],"collection":[{"href":"https:\/\/games.tactic.net\/no\/wp-json\/wp\/v2\/product"}],"about":[{"href":"https:\/\/games.tactic.net\/no\/wp-json\/wp\/v2\/types\/product"}],"wp:attachment":[{"href":"https:\/\/games.tactic.net\/no\/wp-json\/wp\/v2\/media?parent=1367589"}],"wp:term":[{"taxonomy":"product_brand","embeddable":true,"href":"https:\/\/games.tactic.net\/no\/wp-json\/wp\/v2\/product_brand?post=1367589"},{"taxonomy":"product_cat","embeddable":true,"href":"https:\/\/games.tactic.net\/no\/wp-json\/wp\/v2\/product_cat?post=1367589"},{"taxonomy":"product_tag","embeddable":true,"href":"https:\/\/games.tactic.net\/no\/wp-json\/wp\/v2\/product_tag?post=1367589"},{"taxonomy":"brand","embeddable":true,"href":"https:\/\/games.tactic.net\/no\/wp-json\/wp\/v2\/brand?post=1367589"},{"taxonomy":"target-group","embeddable":true,"href":"https:\/\/games.tactic.net\/no\/wp-json\/wp\/v2\/target-group?post=1367589"},{"taxonomy":"discontinued","embeddable":true,"href":"https:\/\/games.tactic.net\/no\/wp-json\/wp\/v2\/discontinued?post=1367589"}],"curies":[{"name":"wp","href":"https:\/\/api.w.org\/{rel}","templated":true}]}}