{"id":1367099,"date":"2025-06-13T16:10:35","date_gmt":"2025-06-13T13:10:35","guid":{"rendered":"https:\/\/games.tactic.net\/tuote\/botanical-bliss\/"},"modified":"2025-06-13T16:10:35","modified_gmt":"2025-06-13T13:10:35","slug":"botanical-bliss","status":"publish","type":"product","link":"https:\/\/games.tactic.net\/no\/tuote\/botanical-bliss\/","title":{"rendered":"Botanical Bliss"},"content":{"rendered":"<p>Blomstre mer enn de andre og vinn! Plasser brikkene dine p\u00e5 spillbrettet for \u00e5 skape vakre m\u00f8nstre. Behersk brettet med eleganse og dyktighet ved \u00e5 fylle feltene p\u00e5 en smart m\u00e5te. Du trenger en dose strategi og et snev av flaks. Vil du blomstre \u2013 eller visne?<\/p>\n","protected":false},"excerpt":{"rendered":"<p>Blomstre mer enn de andre og vinn! Plasser brikkene dine p\u00e5 spillbrettet for \u00e5 skape vakre m\u00f8nstre. Behersk brettet med eleganse og dyktighet ved \u00e5 fylle feltene p\u00e5 en smart m\u00e5te. Du trenger en dose strategi og et snev av flaks. Vil du blomstre \u2013 eller visne?<\/p>\n","protected":false},"featured_media":0,"template":"","meta":{"content-type":"","_monsterinsights_skip_tracking":false,"_monsterinsights_sitenote_active":false,"_monsterinsights_sitenote_note":"","_monsterinsights_sitenote_category":0},"product_brand":[],"product_cat":[1456],"product_tag":[],"brand":[],"target-group":[],"discontinued":[],"class_list":{"0":"post-1367099","1":"product","2":"type-product","3":"status-publish","5":"product_cat-strategispill-familiespill","7":"first","8":"instock","9":"taxable","10":"shipping-taxable","11":"product-type-simple"},"aioseo_notices":[],"_links":{"self":[{"href":"https:\/\/games.tactic.net\/no\/wp-json\/wp\/v2\/product\/1367099","targetHints":{"allow":["GET"]}}],"collection":[{"href":"https:\/\/games.tactic.net\/no\/wp-json\/wp\/v2\/product"}],"about":[{"href":"https:\/\/games.tactic.net\/no\/wp-json\/wp\/v2\/types\/product"}],"wp:attachment":[{"href":"https:\/\/games.tactic.net\/no\/wp-json\/wp\/v2\/media?parent=1367099"}],"wp:term":[{"taxonomy":"product_brand","embeddable":true,"href":"https:\/\/games.tactic.net\/no\/wp-json\/wp\/v2\/product_brand?post=1367099"},{"taxonomy":"product_cat","embeddable":true,"href":"https:\/\/games.tactic.net\/no\/wp-json\/wp\/v2\/product_cat?post=1367099"},{"taxonomy":"product_tag","embeddable":true,"href":"https:\/\/games.tactic.net\/no\/wp-json\/wp\/v2\/product_tag?post=1367099"},{"taxonomy":"brand","embeddable":true,"href":"https:\/\/games.tactic.net\/no\/wp-json\/wp\/v2\/brand?post=1367099"},{"taxonomy":"target-group","embeddable":true,"href":"https:\/\/games.tactic.net\/no\/wp-json\/wp\/v2\/target-group?post=1367099"},{"taxonomy":"discontinued","embeddable":true,"href":"https:\/\/games.tactic.net\/no\/wp-json\/wp\/v2\/discontinued?post=1367099"}],"curies":[{"name":"wp","href":"https:\/\/api.w.org\/{rel}","templated":true}]}}