{"id":1367075,"date":"2025-06-05T17:18:15","date_gmt":"2025-06-05T14:18:15","guid":{"rendered":"https:\/\/games.tactic.net\/tuote\/200-pcs-puzzle-sea-adventure\/"},"modified":"2025-06-05T17:18:15","modified_gmt":"2025-06-05T14:18:15","slug":"200-pcs-puzzle-sea-adventure","status":"publish","type":"product","link":"https:\/\/games.tactic.net\/no\/tuote\/200-pcs-puzzle-sea-adventure\/","title":{"rendered":"200 pcs puzzle: Sea adventure\u200b"},"content":{"rendered":"<p>Puzzle Lovers 200 er en rekke utfordrende puslespill for b\u00e5de nybegynnere og ekte puslespillelskere. Hvert puslespill best\u00e5r av 200 h\u00f8ykvalitetsbrikker.<\/p>\n","protected":false},"excerpt":{"rendered":"<p>200 pcs puzzle: Sea adventure\u200b.<\/p>\n","protected":false},"featured_media":0,"template":"","meta":{"content-type":"","_monsterinsights_skip_tracking":false,"_monsterinsights_sitenote_active":false,"_monsterinsights_sitenote_note":"","_monsterinsights_sitenote_category":0},"product_brand":[],"product_cat":[2147],"product_tag":[],"brand":[{"id":606,"name":"PuzzleLovers","slug":"puzzlelovers_no"}],"target-group":[],"discontinued":[],"class_list":{"0":"post-1367075","1":"product","2":"type-product","3":"status-publish","5":"product_cat-200-brikker","6":"brand-puzzlelovers_no","8":"first","9":"instock","10":"taxable","11":"shipping-taxable","12":"product-type-simple"},"aioseo_notices":[],"_links":{"self":[{"href":"https:\/\/games.tactic.net\/no\/wp-json\/wp\/v2\/product\/1367075","targetHints":{"allow":["GET"]}}],"collection":[{"href":"https:\/\/games.tactic.net\/no\/wp-json\/wp\/v2\/product"}],"about":[{"href":"https:\/\/games.tactic.net\/no\/wp-json\/wp\/v2\/types\/product"}],"wp:attachment":[{"href":"https:\/\/games.tactic.net\/no\/wp-json\/wp\/v2\/media?parent=1367075"}],"wp:term":[{"taxonomy":"product_brand","embeddable":true,"href":"https:\/\/games.tactic.net\/no\/wp-json\/wp\/v2\/product_brand?post=1367075"},{"taxonomy":"product_cat","embeddable":true,"href":"https:\/\/games.tactic.net\/no\/wp-json\/wp\/v2\/product_cat?post=1367075"},{"taxonomy":"product_tag","embeddable":true,"href":"https:\/\/games.tactic.net\/no\/wp-json\/wp\/v2\/product_tag?post=1367075"},{"taxonomy":"brand","embeddable":true,"href":"https:\/\/games.tactic.net\/no\/wp-json\/wp\/v2\/brand?post=1367075"},{"taxonomy":"target-group","embeddable":true,"href":"https:\/\/games.tactic.net\/no\/wp-json\/wp\/v2\/target-group?post=1367075"},{"taxonomy":"discontinued","embeddable":true,"href":"https:\/\/games.tactic.net\/no\/wp-json\/wp\/v2\/discontinued?post=1367075"}],"curies":[{"name":"wp","href":"https:\/\/api.w.org\/{rel}","templated":true}]}}