{"id":1366949,"date":"2025-05-26T17:17:57","date_gmt":"2025-05-26T14:17:57","guid":{"rendered":"https:\/\/games.tactic.net\/tuote\/500-pcs-puzzle-a-little-song-about-the-spruce\/"},"modified":"2025-05-26T17:17:57","modified_gmt":"2025-05-26T14:17:57","slug":"500-pcs-puzzle-a-little-song-about-the-spruce","status":"publish","type":"product","link":"https:\/\/games.tactic.net\/no\/tuote\/500-pcs-puzzle-a-little-song-about-the-spruce\/","title":{"rendered":"500 pcs puzzle: A Little Song about the Spruce"},"content":{"rendered":"<p>500 pcs puzzle: A Little Song about the Spruce. Puzzle Lovers 500 er en rekke utfordrende puslespill for b\u00e5de nybegynnere og ekte puslespillelskere. Hvert puslespill best\u00e5r av 500 h\u00f8ykvalitetsbrikker.<\/p>\n<p>\u00a9 Amerin Kulttuuris\u00e4\u00e4ti\u00f6 \/ Rudolf Koivu<\/p>\n","protected":false},"excerpt":{"rendered":"<p>500 pcs puzzle: A Little Song about the Spruce.<\/p>\n","protected":false},"featured_media":0,"template":"","meta":{"content-type":"","_monsterinsights_skip_tracking":false,"_monsterinsights_sitenote_active":false,"_monsterinsights_sitenote_note":"","_monsterinsights_sitenote_category":0},"product_brand":[],"product_cat":[914],"product_tag":[],"brand":[{"id":606,"name":"PuzzleLovers","slug":"puzzlelovers_no"}],"target-group":[],"discontinued":[],"class_list":{"0":"post-1366949","1":"product","2":"type-product","3":"status-publish","5":"product_cat-500-brikker","6":"brand-puzzlelovers_no","8":"first","9":"instock","10":"taxable","11":"shipping-taxable","12":"product-type-simple"},"aioseo_notices":[],"_links":{"self":[{"href":"https:\/\/games.tactic.net\/no\/wp-json\/wp\/v2\/product\/1366949","targetHints":{"allow":["GET"]}}],"collection":[{"href":"https:\/\/games.tactic.net\/no\/wp-json\/wp\/v2\/product"}],"about":[{"href":"https:\/\/games.tactic.net\/no\/wp-json\/wp\/v2\/types\/product"}],"wp:attachment":[{"href":"https:\/\/games.tactic.net\/no\/wp-json\/wp\/v2\/media?parent=1366949"}],"wp:term":[{"taxonomy":"product_brand","embeddable":true,"href":"https:\/\/games.tactic.net\/no\/wp-json\/wp\/v2\/product_brand?post=1366949"},{"taxonomy":"product_cat","embeddable":true,"href":"https:\/\/games.tactic.net\/no\/wp-json\/wp\/v2\/product_cat?post=1366949"},{"taxonomy":"product_tag","embeddable":true,"href":"https:\/\/games.tactic.net\/no\/wp-json\/wp\/v2\/product_tag?post=1366949"},{"taxonomy":"brand","embeddable":true,"href":"https:\/\/games.tactic.net\/no\/wp-json\/wp\/v2\/brand?post=1366949"},{"taxonomy":"target-group","embeddable":true,"href":"https:\/\/games.tactic.net\/no\/wp-json\/wp\/v2\/target-group?post=1366949"},{"taxonomy":"discontinued","embeddable":true,"href":"https:\/\/games.tactic.net\/no\/wp-json\/wp\/v2\/discontinued?post=1366949"}],"curies":[{"name":"wp","href":"https:\/\/api.w.org\/{rel}","templated":true}]}}