{"id":1366894,"date":"2025-05-12T10:05:35","date_gmt":"2025-05-12T07:05:35","guid":{"rendered":"https:\/\/games.tactic.net\/tuote\/scania-super-560r-heavy-tow-truck-with-ls-module\/"},"modified":"2025-05-12T10:05:35","modified_gmt":"2025-05-12T07:05:35","slug":"scania-super-560r-heavy-tow-truck-with-ls-module","status":"publish","type":"product","link":"https:\/\/games.tactic.net\/no\/tuote\/scania-super-560r-heavy-tow-truck-with-ls-module\/","title":{"rendered":"Scania Super 560R heavy Tow truck with L&#038;S Module"},"content":{"rendered":"<p>Bergings- og bergingsbiler for nyttekj\u00f8ret\u00f8y og lastebiler er blant de mest spektakul\u00e6re kj\u00f8ret\u00f8yene barn kan oppdage p\u00e5 veiene v\u00e5re. Den overlegne kraften og teknologien til disse kj\u00f8ret\u00f8yene er imponerende. Hos BRUDER kan barn n\u00e5 oppdage og gjenskape disse fascinerende funksjonene p\u00e5 den nye Scania Super 560R bergings- og slepebil. Hjull\u00f8fteren kan sl\u00e5s ned og har plass til forhjulene p\u00e5 kj\u00f8ret\u00f8yet som skal taues. En kabelvinsj er plassert p\u00e5 spissen av den teleskopiske hovedarmen. Den medf\u00f8lgende adapteren kan festes til st\u00f8tfangeren til en MAN TGS, MB Arocs, MACK, SCANIA for \u00e5 berges, og et kj\u00f8ret\u00f8y som har v\u00e6rt involvert i ulykken kan berges og taues til hjull\u00f8fteren med kabelvinsjen.<\/p>\n","protected":false},"excerpt":{"rendered":"<p>Bergings- og bergingsbiler for nyttekj\u00f8ret\u00f8y og lastebiler er blant de mest spektakul\u00e6re kj\u00f8ret\u00f8yene barn kan oppdage p\u00e5 veiene v\u00e5re. Den overlegne kraften og teknologien til disse kj\u00f8ret\u00f8yene er imponerende. Hos BRUDER kan barn n\u00e5 oppdage og gjenskape disse fascinerende funksjonene p\u00e5 den nye Scania Super 560R bergings- og slepebil. Hjull\u00f8fteren kan sl\u00e5s ned og har [&hellip;]<\/p>\n","protected":false},"featured_media":0,"template":"","meta":{"content-type":"","_monsterinsights_skip_tracking":false,"_monsterinsights_sitenote_active":false,"_monsterinsights_sitenote_note":"","_monsterinsights_sitenote_category":0},"product_brand":[],"product_cat":[1705],"product_tag":[],"brand":[],"target-group":[],"discontinued":[],"class_list":{"0":"post-1366894","1":"product","2":"type-product","3":"status-publish","5":"product_cat-bruder-leker","7":"first","8":"outofstock","9":"taxable","10":"shipping-taxable","11":"product-type-simple"},"aioseo_notices":[],"_links":{"self":[{"href":"https:\/\/games.tactic.net\/no\/wp-json\/wp\/v2\/product\/1366894","targetHints":{"allow":["GET"]}}],"collection":[{"href":"https:\/\/games.tactic.net\/no\/wp-json\/wp\/v2\/product"}],"about":[{"href":"https:\/\/games.tactic.net\/no\/wp-json\/wp\/v2\/types\/product"}],"wp:attachment":[{"href":"https:\/\/games.tactic.net\/no\/wp-json\/wp\/v2\/media?parent=1366894"}],"wp:term":[{"taxonomy":"product_brand","embeddable":true,"href":"https:\/\/games.tactic.net\/no\/wp-json\/wp\/v2\/product_brand?post=1366894"},{"taxonomy":"product_cat","embeddable":true,"href":"https:\/\/games.tactic.net\/no\/wp-json\/wp\/v2\/product_cat?post=1366894"},{"taxonomy":"product_tag","embeddable":true,"href":"https:\/\/games.tactic.net\/no\/wp-json\/wp\/v2\/product_tag?post=1366894"},{"taxonomy":"brand","embeddable":true,"href":"https:\/\/games.tactic.net\/no\/wp-json\/wp\/v2\/brand?post=1366894"},{"taxonomy":"target-group","embeddable":true,"href":"https:\/\/games.tactic.net\/no\/wp-json\/wp\/v2\/target-group?post=1366894"},{"taxonomy":"discontinued","embeddable":true,"href":"https:\/\/games.tactic.net\/no\/wp-json\/wp\/v2\/discontinued?post=1366894"}],"curies":[{"name":"wp","href":"https:\/\/api.w.org\/{rel}","templated":true}]}}