{"id":1366890,"date":"2025-05-09T17:16:39","date_gmt":"2025-05-09T14:16:39","guid":{"rendered":"https:\/\/games.tactic.net\/tuote\/rappakalja-remix\/"},"modified":"2025-07-09T09:58:57","modified_gmt":"2025-07-09T06:58:57","slug":"rappakalja-remix","status":"publish","type":"product","link":"https:\/\/games.tactic.net\/no\/tuote\/rappakalja-remix\/","title":{"rendered":"Kokkelimonke remiks"},"content":{"rendered":"<p>Lur vennene dine med spr\u00f8tt tullprat! Kan du bl\u00f8ffe deg til toppen?<br \/>\nDen remiksede klassikeren er n\u00e5 morsommere enn noensinne med fire spennende kategorier \u00e5 velge mellom. Vil du finne p\u00e5 utrolige bragder, troverdige filmplott eller kreative sangtekster?<br \/>\nKlekk ut morsomme forklaringer og troverdig t\u00f8ys for \u00e5 sikre seieren.<br \/>\nHvem lager de mest overbevisende bl\u00f8ffene?<\/p>\n","protected":false},"excerpt":{"rendered":"<p>Lur vennene dine med spr\u00f8tt tullprat! Kan du bl\u00f8ffe deg til toppen? Den remiksede klassikeren er n\u00e5 morsommere enn noensinne med fire spennende kategorier \u00e5 velge mellom. Vil du finne p\u00e5 utrolige bragder, troverdige filmplott eller kreative sangtekster? Klekk ut morsomme forklaringer og troverdig t\u00f8ys for \u00e5 sikre seieren. Hvem lager de mest overbevisende bl\u00f8ffene?<\/p>\n","protected":false},"featured_media":0,"template":"","meta":{"content-type":"","_monsterinsights_skip_tracking":false,"_monsterinsights_sitenote_active":false,"_monsterinsights_sitenote_note":"","_monsterinsights_sitenote_category":0},"product_brand":[],"product_cat":[364,1662],"product_tag":[969],"brand":[],"target-group":[],"discontinued":[],"class_list":{"0":"post-1366890","1":"product","2":"type-product","3":"status-publish","5":"product_cat-familiespill","6":"product_cat-partyspill","7":"product_tag-tidsfordriv-2","9":"first","10":"instock","11":"taxable","12":"shipping-taxable","13":"product-type-simple"},"aioseo_notices":[],"_links":{"self":[{"href":"https:\/\/games.tactic.net\/no\/wp-json\/wp\/v2\/product\/1366890","targetHints":{"allow":["GET"]}}],"collection":[{"href":"https:\/\/games.tactic.net\/no\/wp-json\/wp\/v2\/product"}],"about":[{"href":"https:\/\/games.tactic.net\/no\/wp-json\/wp\/v2\/types\/product"}],"wp:attachment":[{"href":"https:\/\/games.tactic.net\/no\/wp-json\/wp\/v2\/media?parent=1366890"}],"wp:term":[{"taxonomy":"product_brand","embeddable":true,"href":"https:\/\/games.tactic.net\/no\/wp-json\/wp\/v2\/product_brand?post=1366890"},{"taxonomy":"product_cat","embeddable":true,"href":"https:\/\/games.tactic.net\/no\/wp-json\/wp\/v2\/product_cat?post=1366890"},{"taxonomy":"product_tag","embeddable":true,"href":"https:\/\/games.tactic.net\/no\/wp-json\/wp\/v2\/product_tag?post=1366890"},{"taxonomy":"brand","embeddable":true,"href":"https:\/\/games.tactic.net\/no\/wp-json\/wp\/v2\/brand?post=1366890"},{"taxonomy":"target-group","embeddable":true,"href":"https:\/\/games.tactic.net\/no\/wp-json\/wp\/v2\/target-group?post=1366890"},{"taxonomy":"discontinued","embeddable":true,"href":"https:\/\/games.tactic.net\/no\/wp-json\/wp\/v2\/discontinued?post=1366890"}],"curies":[{"name":"wp","href":"https:\/\/api.w.org\/{rel}","templated":true}]}}