{"id":1366863,"date":"2025-05-07T11:09:52","date_gmt":"2025-05-07T08:09:52","guid":{"rendered":"https:\/\/games.tactic.net\/tuote\/1000-pcs-puzzle-water-color-birds\/"},"modified":"2025-05-07T11:09:52","modified_gmt":"2025-05-07T08:09:52","slug":"1000-pcs-puzzle-water-color-birds","status":"publish","type":"product","link":"https:\/\/games.tactic.net\/no\/tuote\/1000-pcs-puzzle-water-color-birds\/","title":{"rendered":"1000 pcs puzzle: Water color\u00a0birds"},"content":{"rendered":"<p>1000 pcs puzzle: Water color\u00a0birds.<\/p>\n<p>Puzzle Lovers 1000 er en rekke utfordrende puslespill for b\u00e5de ivrige nybegynnere og ekte puslespillelskere. Hvert puslespill best\u00e5r av 1000 h\u00f8ykvalitetsbrikker.<\/p>\n","protected":false},"excerpt":{"rendered":"<p>1000 pcs puzzle: Water color\u00a0birds.<\/p>\n","protected":false},"featured_media":0,"template":"","meta":{"content-type":"","_monsterinsights_skip_tracking":false,"_monsterinsights_sitenote_active":false,"_monsterinsights_sitenote_note":"","_monsterinsights_sitenote_category":0},"product_brand":[],"product_cat":[922],"product_tag":[],"brand":[],"target-group":[],"discontinued":[],"class_list":{"0":"post-1366863","1":"product","2":"type-product","3":"status-publish","5":"product_cat-1000-brikker","7":"first","8":"instock","9":"taxable","10":"shipping-taxable","11":"product-type-simple"},"aioseo_notices":[],"_links":{"self":[{"href":"https:\/\/games.tactic.net\/no\/wp-json\/wp\/v2\/product\/1366863","targetHints":{"allow":["GET"]}}],"collection":[{"href":"https:\/\/games.tactic.net\/no\/wp-json\/wp\/v2\/product"}],"about":[{"href":"https:\/\/games.tactic.net\/no\/wp-json\/wp\/v2\/types\/product"}],"wp:attachment":[{"href":"https:\/\/games.tactic.net\/no\/wp-json\/wp\/v2\/media?parent=1366863"}],"wp:term":[{"taxonomy":"product_brand","embeddable":true,"href":"https:\/\/games.tactic.net\/no\/wp-json\/wp\/v2\/product_brand?post=1366863"},{"taxonomy":"product_cat","embeddable":true,"href":"https:\/\/games.tactic.net\/no\/wp-json\/wp\/v2\/product_cat?post=1366863"},{"taxonomy":"product_tag","embeddable":true,"href":"https:\/\/games.tactic.net\/no\/wp-json\/wp\/v2\/product_tag?post=1366863"},{"taxonomy":"brand","embeddable":true,"href":"https:\/\/games.tactic.net\/no\/wp-json\/wp\/v2\/brand?post=1366863"},{"taxonomy":"target-group","embeddable":true,"href":"https:\/\/games.tactic.net\/no\/wp-json\/wp\/v2\/target-group?post=1366863"},{"taxonomy":"discontinued","embeddable":true,"href":"https:\/\/games.tactic.net\/no\/wp-json\/wp\/v2\/discontinued?post=1366863"}],"curies":[{"name":"wp","href":"https:\/\/api.w.org\/{rel}","templated":true}]}}