{"id":1366848,"date":"2025-05-07T11:08:34","date_gmt":"2025-05-07T08:08:34","guid":{"rendered":"https:\/\/games.tactic.net\/tuote\/tactic-colour-yatzy\/"},"modified":"2025-05-07T11:08:34","modified_gmt":"2025-05-07T08:08:34","slug":"tactic-colour-yatzy","status":"publish","type":"product","link":"https:\/\/games.tactic.net\/no\/tuote\/tactic-colour-yatzy\/","title":{"rendered":"Tactic Colour Yatzy"},"content":{"rendered":"<p>Kast terningene inni regnbueboksen og pr\u00f8v \u00e5 match med fargene for \u00e5 samle kort. Jo er kort du samler, jo er poeng f\u00e5r du. Men v\u00e6r forsiktig, noen ganger kan din innsats ende opp med \u00e5 hjelpe de andre spillerne\u2026<\/p>\n","protected":false},"excerpt":{"rendered":"<p>Kast terningene inni regnbueboksen og pr\u00f8v \u00e5 match med fargene for \u00e5 samle kort. Jo er kort du samler, jo er poeng f\u00e5r du. Men v\u00e6r forsiktig, noen ganger kan din innsats ende opp med \u00e5 hjelpe de andre spillerne\u2026<\/p>\n","protected":false},"featured_media":0,"template":"","meta":{"content-type":"","_monsterinsights_skip_tracking":false,"_monsterinsights_sitenote_active":false,"_monsterinsights_sitenote_note":"","_monsterinsights_sitenote_category":0},"product_brand":[],"product_cat":[1611,1612],"product_tag":[1003,1239],"brand":[],"target-group":[],"discontinued":[],"class_list":{"0":"post-1366848","1":"product","2":"type-product","3":"status-publish","5":"product_cat-kort-og-terningspill-familiespill","6":"product_cat-kort-og-terningspill-andre-spill","7":"product_tag-hell","8":"product_tag-strategi-no","10":"first","11":"instock","12":"taxable","13":"shipping-taxable","14":"product-type-simple"},"aioseo_notices":[],"_links":{"self":[{"href":"https:\/\/games.tactic.net\/no\/wp-json\/wp\/v2\/product\/1366848","targetHints":{"allow":["GET"]}}],"collection":[{"href":"https:\/\/games.tactic.net\/no\/wp-json\/wp\/v2\/product"}],"about":[{"href":"https:\/\/games.tactic.net\/no\/wp-json\/wp\/v2\/types\/product"}],"wp:attachment":[{"href":"https:\/\/games.tactic.net\/no\/wp-json\/wp\/v2\/media?parent=1366848"}],"wp:term":[{"taxonomy":"product_brand","embeddable":true,"href":"https:\/\/games.tactic.net\/no\/wp-json\/wp\/v2\/product_brand?post=1366848"},{"taxonomy":"product_cat","embeddable":true,"href":"https:\/\/games.tactic.net\/no\/wp-json\/wp\/v2\/product_cat?post=1366848"},{"taxonomy":"product_tag","embeddable":true,"href":"https:\/\/games.tactic.net\/no\/wp-json\/wp\/v2\/product_tag?post=1366848"},{"taxonomy":"brand","embeddable":true,"href":"https:\/\/games.tactic.net\/no\/wp-json\/wp\/v2\/brand?post=1366848"},{"taxonomy":"target-group","embeddable":true,"href":"https:\/\/games.tactic.net\/no\/wp-json\/wp\/v2\/target-group?post=1366848"},{"taxonomy":"discontinued","embeddable":true,"href":"https:\/\/games.tactic.net\/no\/wp-json\/wp\/v2\/discontinued?post=1366848"}],"curies":[{"name":"wp","href":"https:\/\/api.w.org\/{rel}","templated":true}]}}